{"id":827,"date":"2025-09-27T02:14:55","date_gmt":"2025-09-27T02:14:55","guid":{"rendered":"https:\/\/currentclindev.wpenginepowered.com\/terminos-de-utilizo\/"},"modified":"2026-01-09T11:50:47","modified_gmt":"2026-01-09T11:50:47","slug":"terminos-de-utilizo","status":"publish","type":"page","link":"https:\/\/currentclinic.com\/es\/terminos-de-utilizo\/","title":{"rendered":"Condiciones de uso"},"content":{"rendered":"\t\t<div data-elementor-type=\"wp-page\" data-elementor-id=\"827\" class=\"elementor elementor-827 elementor-407\" data-elementor-post-type=\"page\">\n\t\t\t\t<div class=\"elementor-element elementor-element-b5f4d8c e-flex e-con-boxed e-con e-parent\" data-id=\"b5f4d8c\" data-element_type=\"container\" data-e-type=\"container\" data-settings=\"{&quot;background_background&quot;:&quot;gradient&quot;}\">\n\t\t\t\t\t<div class=\"e-con-inner\">\n\t\t\t\t<div class=\"elementor-element elementor-element-1cf6aa7 elementor-widget elementor-widget-heading\" data-id=\"1cf6aa7\" data-element_type=\"widget\" data-e-type=\"widget\" data-widget_type=\"heading.default\">\n\t\t\t\t\t<h1 class=\"elementor-heading-title elementor-size-default\">Condiciones de uso<\/h1>\t\t\t\t<\/div>\n\t\t\t\t\t<\/div>\n\t\t\t\t<\/div>\n\t\t<div class=\"elementor-element elementor-element-f6c2f9f e-flex e-con-boxed e-con e-parent\" data-id=\"f6c2f9f\" data-element_type=\"container\" data-e-type=\"container\">\n\t\t\t\t\t<div class=\"e-con-inner\">\n\t\t\t\t<div class=\"elementor-element elementor-element-48d5d09 elementor-widget elementor-widget-text-editor\" data-id=\"48d5d09\" data-element_type=\"widget\" data-e-type=\"widget\" data-widget_type=\"text-editor.default\">\n\t\t\t\t\t\t\t\t\t<p>\u00daltima actualizaci\u00f3n: 11 de marzo de 2025<br><br>Bienvenidos al Sitio de la Clinica Current (\u201cel Sitio\u201d). La informaci\u00f3n proporcionada en este Sitio es \u00fanicamente con prop\u00f3sitos educativos e informativos generales. <strong>Por favor lea y revise las Condiciones de uso con cuidado antes de acceder o utilizar el Sitio. Al acceder o utilizar el Sitio, usted confirma haber le\u00eddo, entendido y accedido a las Condiciones de uso. Si no est\u00e1 de acuerdo con estas Condiciones de uso, no podr\u00e1 acceder o utilizar el Sitio.<\/strong> <\/p><p>1. <strong>Uso del sitio<\/strong><\/p><p>La informaci\u00f3n proporcionada en este sitio es \u00fanicamente con prop\u00f3sitos educativos e informativos generales. Este sitio est\u00e1 dirigido a audiencias espec\u00edficas, incluyendo empleados, clientes y proveedores de Current Cl\u00ednic, as\u00ed como miembros de la comunidad de atenci\u00f3n m\u00e9dica y el p\u00fablico en general. Su acceso y uso de la informaci\u00f3n contenida en el sitio est\u00e1n sujetos a estos T\u00e9rminos de Uso. Al acceder y utilizar este sitio, usted acepta, sin limitaci\u00f3n ni reserva, estos T\u00e9rminos de Uso.   <\/p><p>2. <strong>Contenido, Descargo de responsabilidad de garant\u00eda<\/strong><\/p><p>Usted est\u00e1 de acuerdo que acceder y utilizar el Sitio y el contenido por consiguiente es bajo su propio riesgo. Intentamos mantener el contenido de este sitio lo m\u00e1s preciso posible, no podemos y no garantizamos la fiabilidad, exactitud, integridad o idoneidad de ninguna informaci\u00f3n o contenido del sitio (incluidos enlaces a otros sitios web operados por terceros).<\/p><p><strong>La informaci\u00f3n y el contenido en este sitio se proporcionan TAL CUAL, SIN GARANT\u00cdA DE NING\u00daN TIPO, Y RENUNCIAMOS A CUALQUIER GARANT\u00cdA EXPRESA O IMPL\u00cdCITA, INCLUYENDO, PERO NO LIMITADO A, LAS GARANT\u00cdAS IMPL\u00cdCITAS DE COMERCIABILIDAD, IDONEIDAD PARA UN PROP\u00d3SITO PARTICULAR Y NO INFRACCI\u00d3N.<\/strong> Ni Current Clinic ni ninguna parte involucrada en la creaci\u00f3n, producci\u00f3n o entrega de este Sitio ser\u00e1n responsables por da\u00f1os, incluyendo, sin limitaci\u00f3n, da\u00f1os directos, incidentales, consecuentes, indirectos o punitivos, derivados del acceso, uso o incapacidad para usar este Sitio, o por errores u omisiones en su contenido. Esta limitaci\u00f3n incluye da\u00f1os a su equipo inform\u00e1tico, software y datos, ya sea por virus, otro software malicioso u otra causa. <\/p><p>3. <strong>Indemnizaci\u00f3n<\/strong><\/p><p>Usted est\u00e1 de acuerdo con indemnizar, defender y mantener inofensivo a Current Clinic, sus funcionarios, directores, empleados, agentes, proveedores y socios terceros frente a todas las p\u00e9rdidas, gastos, da\u00f1os y costos, incluidos los honorarios razonables de abogados, que resulten de cualquier incumplimiento por su parte de estos T\u00e9rminos de Uso.<\/p><p>4. <strong>Privacidad<\/strong><\/p><p>La Current Clinic respeta la privacidad de los usuarios del Sitio. Por favor refi\u00e9rase a la <a href=\"https:\/\/currentclinic.com\/es\/politica-de-privacidad\/\">pol\u00edtica de Privacidad<\/a> de la cl\u00ednica donde se explican los derechos y responsabilidades de los usuarios con respecto a la informaci\u00f3n que se comparte en el Sitio. <\/p><p>5. <strong>Sitios y enlaces de terceros<\/strong><\/p><p>Este Sitio puede contener referencias o enlaces a otros sitios web mantenidos por terceros sobre los cuales Current Clinic no tiene control. Dichos enlaces se proporcionan \u00fanicamente como una conveniencia. De manera similar, este Sitio puede ser accedido desde enlaces de terceros sobre los cuales Current Clinic no tiene control. Current Clinic no ofrece garant\u00edas ni representaciones de ning\u00fan tipo respecto a la exactitud, actualidad o integridad de la informaci\u00f3n contenida en dichos sitios web de terceros, incluyendo cualquier plataforma de redes sociales o aplicaci\u00f3n m\u00f3vil de terceros. La inclusi\u00f3n de cualquier enlace de terceros en este Sitio no implica un respaldo o recomendaci\u00f3n por parte de Current Clinic, y un enlace a este Sitio desde otro Sitio no implica una relaci\u00f3n entre Current Clinic y ning\u00fan tercero. Su uso de cualquier sitio o plataforma de terceros es bajo su propio riesgo y estar\u00e1 gobernado por los t\u00e9rminos y pol\u00edticas de dicho tercero, incluyendo su pol\u00edtica de privacidad.     <\/p><p>6. <strong>Informaci\u00f3n m\u00e9dica<\/strong><\/p><p>Este Sitio puede contener informaci\u00f3n general relacionada a varias condiciones m\u00e9dicas y su respectivo tratamiento. Dicha informaci\u00f3n se comparte \u00fanicamente con fines informativos y no pretende sustituir las indicaciones dadas por un m\u00e9dico o profesional de la salud. Los pacientes no deben utilizar la informaci\u00f3n aqu\u00ed presente para diagnosticar un problema de salud o de estado f\u00edsico o una enfermedad. Los pacientes deben consultar siempre a un profesional de la salud para recibir un consejo m\u00e9dico o informaci\u00f3n sobre su condici\u00f3n medica o tratamiento a seguir.   <\/p><p>7. <strong>Informaci\u00f3n no confidencial<\/strong><\/p><p>Sujetos a los t\u00e9rminos y condiciones aplicables establecidos en nuestra <a href=\"https:\/\/currentclinic.com\/es\/politica-de-privacidad\/\">Pol\u00edtica de Privacidad<\/a>, cualquier comunicaci\u00f3n u otro material que nos env\u00ede a trav\u00e9s de Internet o que publique en un sitio web de Current Clinic por correo electr\u00f3nico o de cualquier otra manera, como preguntas, comentarios, sugerencias o similares, ser\u00e1 considerado y se considerar\u00e1 como informaci\u00f3n no confidencial, y Current Clinic no tendr\u00e1 ninguna obligaci\u00f3n de ning\u00fan tipo respecto a dicha informaci\u00f3n. La Current Clinic ser\u00e1 libre de usar cualquier idea, concepto, conocimiento o t\u00e9cnica contenida en dicha comunicaci\u00f3n para cualquier prop\u00f3sito, incluyendo, pero no limitado a, el desarrollo, fabricaci\u00f3n y comercializaci\u00f3n de productos y servicios. <\/p><p>8. <strong>Marcas registradas<\/strong><\/p><p>Todos los nombres de productos y servicios, ya sea que aparezcan o no en letra may\u00fascula o con el s\u00edmbolo de marca registrada, son marcas registradas de Current Clinic, sus afiliados, compa\u00f1\u00edas relacionadas, o sus licenciantes a menos que se indique lo contrario. El uso o uso indebido de estas marcas registradas u otros materiales, a menos que sea permitido aqu\u00ed, est\u00e1 estrictamente prohibido y puede resultar en una violaci\u00f3n de la ley de derechos de autor, el derecho de marcas, el derecho de calumnias y difamaciones, el derecho de privacidad y publicidad y los reglamentos y estatutos de comunicaciones. Advertimos que la Current Clinic hace cumplir activa y agresivamente sus derechos de propiedad intelectual en la m\u00e1xima medida permitida por la ley.  <\/p><p>9. <strong>Derechos de autor<\/strong><\/p><p>El contenido completo de este Sitio est\u00e1 protegido por derechos de autor. Derechos de autor \u00a9 2025 Current Clinic Inc. El contenido de los sitios web de Current Clinic no puede copiarse excepto para referencia individual no comercial, manteniendo todos los avisos de derechos de autor u otros avisos de propiedad, y posteriormente no puede volver a copiarse, reproducirse ni redistribuirse de otra manera. Salvo lo expresamente indicado anteriormente, no puede copiar, mostrar, descargar, distribuir, modificar, reproducir, republicar ni retransmitir ninguna informaci\u00f3n, texto o documentos contenidos en este sitio ni en ninguna parte del mismo en ning\u00fan medio electr\u00f3nico o en formato impreso, ni crear obras derivadas basadas en dichas im\u00e1genes, textos o documentos, sin el consentimiento expreso por escrito de Current Clinic. Nada de lo aqu\u00ed contenido se interpretar\u00e1 como la concesi\u00f3n, por implicaci\u00f3n, impedimento legal u otro motivo, de ninguna licencia o derecho bajo ninguna patente o marca registrada de Current Clinic o de terceros. Se proh\u00edbe expresamente el uso de robots, scripts, servicios, software o cualquier dispositivo, herramienta o proceso manual o autom\u00e1tico dise\u00f1ado para extraer datos de este Sitio, o utilizar, acceder o recopilar contenido mediante medios automatizados, excepto con fines de indexaci\u00f3n para su inclusi\u00f3n en un motor de b\u00fasqueda p\u00fablico.     <\/p><p>10. <strong>Es nulo donde est\u00e9 prohibido<\/strong><\/p><p>Este sitio y su contenido pretende cumplir con estas leyes y regulaciones en los Estados Unidos de Am\u00e9rica. Aunque la informaci\u00f3n en este Sitio es accesible para usuarios fuera de Estados Unidos, la informaci\u00f3n perteneciente a Current Clinic y sus servicios est\u00e1n destinados \u00fanicamente para residentes americanos. Otros pa\u00edses podr\u00e1n tener leyes, requerimientos regulatorios, y practicas medicas que podr\u00edan diferir con las de Estados Unidos. La Current Clinic se reserva el derecho de limitar la prestaci\u00f3n de sus productos o servicios a cualquier persona, regi\u00f3n geogr\u00e1fica o jurisdicci\u00f3n, o de limitar la cantidad de productos o servicios que ofrecemos. Cualquier oferta de producto o servicio realizada en este Sitio ser\u00e1 nula donde est\u00e9 prohibida.    <\/p><p>11. <strong>Leyes Aplicables<\/strong><\/p><p>Estos T\u00e9rminos de Uso y el uso que usted haga del Sitio estar\u00e1 regido por las leyes de los Estados Unidos de Am\u00e9rica y el Estado de Delaware sin tener en cuenta sus principios de conflicto de leyes. Cualquier acci\u00f3n legal o procedimiento relacionado con el Sitio ser\u00e1 tratado exclusivamente en una corte federal o estatal de competencia jur\u00eddica ubicada en Delaware. <\/p><p>12. <strong>Miscel\u00e1neo<\/strong><\/p><p>Si alguna disposici\u00f3n de estos T\u00e9rminos de Uso se considera ilegal, nula o inaplicable, dicha disposici\u00f3n ser\u00e1 separable sin afectar la aplicabilidad de las dem\u00e1s disposiciones. La Current Clinic se reserva el derecho de modificar o anular material de este sitio en <\/p>\t\t\t\t\t\t\t\t<\/div>\n\t\t\t\t\t<\/div>\n\t\t\t\t<\/div>\n\t\t\t\t<\/div>\n\t\t","protected":false},"excerpt":{"rendered":"<p>Condiciones de uso \u00daltima actualizaci\u00f3n: 11 de marzo de 2025 Bienvenidos al Sitio de la Clinica Current (\u201cel Sitio\u201d). La informaci\u00f3n proporcionada en este Sitio es \u00fanicamente con prop\u00f3sitos educativos e informativos generales. Por favor lea y revise las Condiciones de uso con cuidado antes de acceder o utilizar el Sitio. Al acceder o utilizar &hellip;<\/p>\n","protected":false},"author":2,"featured_media":0,"parent":0,"menu_order":0,"comment_status":"closed","ping_status":"closed","template":"","meta":{"_genesis_block_theme_hide_title":false,"footnotes":""},"class_list":["post-827","page","type-page","status-publish","hentry","post","without-featured-image"],"yoast_head":"<!-- This site is optimized with the Yoast SEO plugin v27.2 - https:\/\/yoast.com\/product\/yoast-seo-wordpress\/ -->\n<title>Terms of Use | Current Clinic<\/title>\n<meta name=\"description\" content=\"Current Clinic website Terms of Use covering acceptable use, disclaimers, intellectual property, links, and legal jurisdiction.\" \/>\n<meta name=\"robots\" content=\"index, follow, max-snippet:-1, max-image-preview:large, max-video-preview:-1\" \/>\n<link rel=\"canonical\" href=\"https:\/\/currentclinic.com\/es\/terminos-de-utilizo\/\" \/>\n<meta property=\"og:locale\" content=\"es_ES\" \/>\n<meta property=\"og:type\" content=\"article\" \/>\n<meta property=\"og:title\" content=\"Terms of Use | Current Clinic\" \/>\n<meta property=\"og:description\" content=\"Current Clinic website Terms of Use covering acceptable use, disclaimers, intellectual property, links, and legal jurisdiction.\" \/>\n<meta property=\"og:url\" content=\"https:\/\/currentclinic.com\/es\/terminos-de-utilizo\/\" \/>\n<meta property=\"og:site_name\" content=\"Current Clinic\" \/>\n<meta property=\"article:modified_time\" content=\"2026-01-09T11:50:47+00:00\" \/>\n<meta name=\"twitter:card\" content=\"summary_large_image\" \/>\n<meta name=\"twitter:label1\" content=\"Tiempo de lectura\" \/>\n\t<meta name=\"twitter:data1\" content=\"7 minutos\" \/>\n<script type=\"application\/ld+json\" class=\"yoast-schema-graph\">{\"@context\":\"https:\/\/schema.org\",\"@graph\":[{\"@type\":\"WebPage\",\"@id\":\"https:\/\/currentclinic.com\/es\/terminos-de-utilizo\/\",\"url\":\"https:\/\/currentclinic.com\/es\/terminos-de-utilizo\/\",\"name\":\"Terms of Use | Current Clinic\",\"isPartOf\":{\"@id\":\"https:\/\/currentclinic.com\/es\/#website\"},\"datePublished\":\"2025-09-27T02:14:55+00:00\",\"dateModified\":\"2026-01-09T11:50:47+00:00\",\"description\":\"Current Clinic website Terms of Use covering acceptable use, disclaimers, intellectual property, links, and legal jurisdiction.\",\"breadcrumb\":{\"@id\":\"https:\/\/currentclinic.com\/es\/terminos-de-utilizo\/#breadcrumb\"},\"inLanguage\":\"es\",\"potentialAction\":[{\"@type\":\"ReadAction\",\"target\":[\"https:\/\/currentclinic.com\/es\/terminos-de-utilizo\/\"]}]},{\"@type\":\"BreadcrumbList\",\"@id\":\"https:\/\/currentclinic.com\/es\/terminos-de-utilizo\/#breadcrumb\",\"itemListElement\":[{\"@type\":\"ListItem\",\"position\":1,\"name\":\"Home\",\"item\":\"https:\/\/currentclinic.com\/es\/home\/\"},{\"@type\":\"ListItem\",\"position\":2,\"name\":\"T\u00e9rminos de utilizo\"}]},{\"@type\":\"WebSite\",\"@id\":\"https:\/\/currentclinic.com\/es\/#website\",\"url\":\"https:\/\/currentclinic.com\/es\/\",\"name\":\"Current Clinic\",\"description\":\"\",\"publisher\":{\"@id\":\"https:\/\/currentclinic.com\/es\/#organization\"},\"potentialAction\":[{\"@type\":\"SearchAction\",\"target\":{\"@type\":\"EntryPoint\",\"urlTemplate\":\"https:\/\/currentclinic.com\/es\/?s={search_term_string}\"},\"query-input\":{\"@type\":\"PropertyValueSpecification\",\"valueRequired\":true,\"valueName\":\"search_term_string\"}}],\"inLanguage\":\"es\"},{\"@type\":\"Organization\",\"@id\":\"https:\/\/currentclinic.com\/es\/#organization\",\"name\":\"Current Clinic\",\"url\":\"https:\/\/currentclinic.com\/es\/\",\"logo\":{\"@type\":\"ImageObject\",\"inLanguage\":\"es\",\"@id\":\"https:\/\/currentclinic.com\/es\/#\/schema\/logo\/image\/\",\"url\":\"https:\/\/currentclinic.com\/wp-content\/uploads\/2025\/08\/cc-gradient-red.svg\",\"contentUrl\":\"https:\/\/currentclinic.com\/wp-content\/uploads\/2025\/08\/cc-gradient-red.svg\",\"width\":300,\"height\":55,\"caption\":\"Current Clinic\"},\"image\":{\"@id\":\"https:\/\/currentclinic.com\/es\/#\/schema\/logo\/image\/\"}}]}<\/script>\n<!-- \/ Yoast SEO plugin. -->","yoast_head_json":{"title":"Terms of Use | Current Clinic","description":"Current Clinic website Terms of Use covering acceptable use, disclaimers, intellectual property, links, and legal jurisdiction.","robots":{"index":"index","follow":"follow","max-snippet":"max-snippet:-1","max-image-preview":"max-image-preview:large","max-video-preview":"max-video-preview:-1"},"canonical":"https:\/\/currentclinic.com\/es\/terminos-de-utilizo\/","og_locale":"es_ES","og_type":"article","og_title":"Terms of Use | Current Clinic","og_description":"Current Clinic website Terms of Use covering acceptable use, disclaimers, intellectual property, links, and legal jurisdiction.","og_url":"https:\/\/currentclinic.com\/es\/terminos-de-utilizo\/","og_site_name":"Current Clinic","article_modified_time":"2026-01-09T11:50:47+00:00","twitter_card":"summary_large_image","twitter_misc":{"Tiempo de lectura":"7 minutos"},"schema":{"@context":"https:\/\/schema.org","@graph":[{"@type":"WebPage","@id":"https:\/\/currentclinic.com\/es\/terminos-de-utilizo\/","url":"https:\/\/currentclinic.com\/es\/terminos-de-utilizo\/","name":"Terms of Use | Current Clinic","isPartOf":{"@id":"https:\/\/currentclinic.com\/es\/#website"},"datePublished":"2025-09-27T02:14:55+00:00","dateModified":"2026-01-09T11:50:47+00:00","description":"Current Clinic website Terms of Use covering acceptable use, disclaimers, intellectual property, links, and legal jurisdiction.","breadcrumb":{"@id":"https:\/\/currentclinic.com\/es\/terminos-de-utilizo\/#breadcrumb"},"inLanguage":"es","potentialAction":[{"@type":"ReadAction","target":["https:\/\/currentclinic.com\/es\/terminos-de-utilizo\/"]}]},{"@type":"BreadcrumbList","@id":"https:\/\/currentclinic.com\/es\/terminos-de-utilizo\/#breadcrumb","itemListElement":[{"@type":"ListItem","position":1,"name":"Home","item":"https:\/\/currentclinic.com\/es\/home\/"},{"@type":"ListItem","position":2,"name":"T\u00e9rminos de utilizo"}]},{"@type":"WebSite","@id":"https:\/\/currentclinic.com\/es\/#website","url":"https:\/\/currentclinic.com\/es\/","name":"Current Clinic","description":"","publisher":{"@id":"https:\/\/currentclinic.com\/es\/#organization"},"potentialAction":[{"@type":"SearchAction","target":{"@type":"EntryPoint","urlTemplate":"https:\/\/currentclinic.com\/es\/?s={search_term_string}"},"query-input":{"@type":"PropertyValueSpecification","valueRequired":true,"valueName":"search_term_string"}}],"inLanguage":"es"},{"@type":"Organization","@id":"https:\/\/currentclinic.com\/es\/#organization","name":"Current Clinic","url":"https:\/\/currentclinic.com\/es\/","logo":{"@type":"ImageObject","inLanguage":"es","@id":"https:\/\/currentclinic.com\/es\/#\/schema\/logo\/image\/","url":"https:\/\/currentclinic.com\/wp-content\/uploads\/2025\/08\/cc-gradient-red.svg","contentUrl":"https:\/\/currentclinic.com\/wp-content\/uploads\/2025\/08\/cc-gradient-red.svg","width":300,"height":55,"caption":"Current Clinic"},"image":{"@id":"https:\/\/currentclinic.com\/es\/#\/schema\/logo\/image\/"}}]}},"_links":{"self":[{"href":"https:\/\/currentclinic.com\/es\/wp-json\/wp\/v2\/pages\/827","targetHints":{"allow":["GET"]}}],"collection":[{"href":"https:\/\/currentclinic.com\/es\/wp-json\/wp\/v2\/pages"}],"about":[{"href":"https:\/\/currentclinic.com\/es\/wp-json\/wp\/v2\/types\/page"}],"author":[{"embeddable":true,"href":"https:\/\/currentclinic.com\/es\/wp-json\/wp\/v2\/users\/2"}],"replies":[{"embeddable":true,"href":"https:\/\/currentclinic.com\/es\/wp-json\/wp\/v2\/comments?post=827"}],"version-history":[{"count":0,"href":"https:\/\/currentclinic.com\/es\/wp-json\/wp\/v2\/pages\/827\/revisions"}],"wp:attachment":[{"href":"https:\/\/currentclinic.com\/es\/wp-json\/wp\/v2\/media?parent=827"}],"curies":[{"name":"wp","href":"https:\/\/api.w.org\/{rel}","templated":true}]}}