{"id":826,"date":"2025-09-26T18:06:54","date_gmt":"2025-09-26T18:06:54","guid":{"rendered":"https:\/\/currentclindev.wpenginepowered.com\/politica-de-privacidad\/"},"modified":"2026-01-09T11:49:57","modified_gmt":"2026-01-09T11:49:57","slug":"politica-de-privacidad","status":"publish","type":"page","link":"https:\/\/currentclinic.com\/es\/politica-de-privacidad\/","title":{"rendered":"Pol\u00edtica de privacidad"},"content":{"rendered":"\t\t<div data-elementor-type=\"wp-page\" data-elementor-id=\"826\" class=\"elementor elementor-826 elementor-400\" data-elementor-post-type=\"page\">\n\t\t\t\t<div class=\"elementor-element elementor-element-a44bd98 e-flex e-con-boxed e-con e-parent\" data-id=\"a44bd98\" data-element_type=\"container\" data-e-type=\"container\" data-settings=\"{&quot;background_background&quot;:&quot;gradient&quot;}\">\n\t\t\t\t\t<div class=\"e-con-inner\">\n\t\t\t\t<div class=\"elementor-element elementor-element-178ffb6 elementor-widget elementor-widget-heading\" data-id=\"178ffb6\" data-element_type=\"widget\" data-e-type=\"widget\" data-widget_type=\"heading.default\">\n\t\t\t\t\t<h1 class=\"elementor-heading-title elementor-size-default\">Pol\u00edtica de privacidad<\/h1>\t\t\t\t<\/div>\n\t\t\t\t\t<\/div>\n\t\t\t\t<\/div>\n\t\t<div class=\"elementor-element elementor-element-4e8ca52 e-flex e-con-boxed e-con e-parent\" data-id=\"4e8ca52\" data-element_type=\"container\" data-e-type=\"container\">\n\t\t\t\t\t<div class=\"e-con-inner\">\n\t\t\t\t<div class=\"elementor-element elementor-element-d55bee6 elementor-widget elementor-widget-text-editor\" data-id=\"d55bee6\" data-element_type=\"widget\" data-e-type=\"widget\" data-widget_type=\"text-editor.default\">\n\t\t\t\t\t\t\t\t\t<p>Ultima actualizaci\u00f3n: 19 de marzo del 2025<\/p><p>En Current Clinic Inc. (\u201cCl\u00ednica Current\u201d, \u201cnosotros\u201d, o \u201cnuestro\u201d), estamos comprometidos a proteger su privacidad. En esta pol\u00edtica de privacidad explicamos como recolectamos, utilizamos, compartimos, y protegemos la informaci\u00f3n cuando usted visita nuestro sitio web (\u201cSitio\u201d). Nuestro sitio est\u00e1 dise\u00f1ado para proveer informaci\u00f3n sobre arritmias card\u00edacas y condiciones de salud relacionadas, y para servir mejor a futuros pacientes. Se ruega leer cuidadosamente esta Pol\u00edtica de Privacidad para entender mejor estas pr\u00e1cticas.   <\/p><p><strong>1. La informaci\u00f3n que recogemos<\/strong><\/p><p>No recogemos informaci\u00f3n personal identificable (PII) o informaci\u00f3n de salud protegida (PHI) en nuestro sitio web. Esto significa que no le pediremos que nos proporcione detalles personales como su nombre, correo electr\u00f3nico, n\u00famero de tel\u00e9fono o informaci\u00f3n m\u00e9dica, a trav\u00e9s de formularios o de ninguna otra manera. Sin embargo, si recogemos informaci\u00f3n sobre el modo en que los usuarios interact\u00faan con el sitio, como est\u00e1 descrito aqu\u00ed abajo:  <\/p><ul class=\"wp-block-list\"><li>Datos de uso. Informaci\u00f3n sobre su actividad en el Sitio, como las p\u00e1ginas que visita, el tiempo que pasa en esas p\u00e1ginas y la fecha y hora de su visita. <\/li><li>Direcci\u00f2n IP. Su direcci\u00f3n de Protocolo de Internet (IP), la cual recogemos a trav\u00e9s de las cookies de an\u00e1lisis (ver secci\u00f3n 2 aqu\u00ed debajo). No adjuntamos su direcci\u00f3n IP a ninguna informaci\u00f3n personal sobre usted.  <\/li><li>Informaci\u00f3n general de ubicaci\u00f3n. Una ubicaci\u00f3n geogr\u00e1fica aproximada de su visita, derivada de su direcci\u00f3n IP y limitada a un nivel estatal (por ej. Minnesota) o los primeros tres d\u00edgitos de su c\u00f3digo postal (por ej. 554). Esta informaci\u00f3n no es utilizada para identificarlo a usted personalmente.  <\/li><\/ul><p>Esta informaci\u00f3n se recoge autom\u00e1ticamente a trav\u00e9s la operaci\u00f3n dentro del sitio y el uso de las cookies, como lo hemos descrito en la secci\u00f3n<\/p><p><strong>2. Cookies y tecnolog\u00edas de seguimiento<\/strong><\/p><p>Usamos cookies y otros mecanismos de seguimiento en el Sitio:<\/p><ul class=\"wp-block-list\"><li>Cookies estrictamente necesarias. Estas cookies son esenciales para que el sitio funcione correctamente, para mantener su sesi\u00f3n mientras navega de una p\u00e1gina a otra. No recogen informaci\u00f3n para prop\u00f3sitos de seguimiento o an\u00e1lisis.  <\/li><li>Informaci\u00f3n anal\u00edtica. Utilizamos \u201cPostHog\u201d para an\u00e1lisis web, el cual puede almacenar una peque\u00f1a cantidad de informaci\u00f3n en su dispositivo para rastrear sus interacciones con nuestro Sitio. Esto puede incluir su direcci\u00f3n IP y otros datos de uso. Esta informaci\u00f3n nos ayuda a comprender c\u00f3mo los usuarios interact\u00faan con nuestro contenido y a perfeccionar nuestros mensajes. No utilizamos esta cookie para identificarlo como individuo ni para rastrearlo a trav\u00e9s de otros sitios web.    <\/li><\/ul><p>Puede gestionar o desactivar las cookies a trav\u00e9s de los ajustes del navegador. Desactivar las cookies necesarias podr\u00eda afectar su habilidad para utilizar el sitio de manera efectiva, mientras que desactivar las cookies de an\u00e1lisis \u201cPostHog\u201d, si est\u00e1n presentes, podr\u00eda evitar que recojamos su direcci\u00f3n IP e informaci\u00f3n de uso relacionado, pero no perjudicar\u00e1 su experiencia de navegaci\u00f3n en el sitio. <\/p><p><strong>3. C\u00f3mo usamos la informaci\u00f3n que recogemos<\/strong><\/p><p>Usamos la limitada informaci\u00f3n que recogemos \u00fanicamente para:<\/p><ul class=\"wp-block-list\"><li>Mejorar el sitio y refinar nuestros mensajes sobre arritmias cardiacas para servir mejor a nuestros pacientes.<\/li><li>Tener un mejor entendimiento de las tendencias de nuestros usuarios mientras interact\u00faan con nuestro contenido, cu\u00e1les son las p\u00e1ginas m\u00e1s populares o cu\u00e1nto tiempo pasan en el sitio, utilizando an\u00e1lisis \u201cPostHog\u201d; y<\/li><li>Monitorear el rendimiento y la funcionalidad del Sitio.<\/li><\/ul><p>Ya que no recogemos PII o PHI, no utilizamos su informaci\u00f3n para publicidad, elaboraci\u00f3n de perfiles, o cualquier otro prop\u00f3sito que requiera que usted sea identificado.<\/p><p><strong>4. C\u00f3mo compartimos la informaci\u00f3n<\/strong><\/p><p>No vendemos, intercambiamos ni compartimos la informaci\u00f3n que recopilamos con terceros, excepto en las siguientes circunstancias limitadas:<\/p><ul class=\"wp-block-list\"><li>Proveedores de Servicio. Compartimos informaci\u00f3n de uso, direcci\u00f3n IP, e informaci\u00f3n general de locaci\u00f3n la cual nos ayuda a operar en el sitio, incluido el \u201cPostHog\u201d para an\u00e1lisis y otros proveedores (por ej. Servicio de hosting). Estos proveedores est\u00e1n obligados contractualmente a proteger la informaci\u00f3n y a no utilizarla para ning\u00fan otro fin.  <\/li><li>Requisitos legales. Podemos divulgar informaci\u00f3n si la ley nos obligara o en respuesta a una solicitud legal v\u00e1lida (por ejemplo, una orden judicial o citaci\u00f3n). <\/li><\/ul><p><strong>5. Retenci\u00f3n de datos y anonimato<\/strong><\/p><p>Conservamos informaci\u00f3n de uso, como la direcci\u00f3n IP e informaci\u00f3n general de ubicaci\u00f3n siempre y cuando sea necesario para lograr los prop\u00f3sitos mencionados en esta Pol\u00edtica de Privacidad (por ej. para analizar las tendencias y refinar nuestros mensajes). Despu\u00e9s de eso, cancelamos la informaci\u00f3n o le quitamos el nombre, conservando solamente estad\u00edsticas agregadas (por ej. N\u00famero total de visitas en una fecha espec\u00edfica o desde un estado espec\u00edfico). Los datos anonimizados no pueden vincularse a ning\u00fan usuario individual ni a ninguna direcci\u00f3n IP.  <\/p><p><strong>6. Sus opciones y derechos.<\/strong><\/p><p>Dado que no recopilamos PII ni PHI, no ofrecemos derechos espec\u00edficos de privacidad como acceso, eliminaci\u00f3n o correcci\u00f3n de datos personales, ya que no disponemos de datos personales sobre usted para gestionar. Sin embargo, usted puede: <\/p><ul class=\"wp-block-list\"><li>Puede usted optar por no participar en el an\u00e1lisis. Desactivar las cookies de an\u00e1lisis \u201cPostHog\u201d a trav\u00e9s de los ajustes de su navegador para evitar recoger su direcci\u00f3n IP y datos de uso relacionados. <\/li><li>Cont\u00e1ctenos. Si tiene alguna pregunta sobre la recopilaci\u00f3n de datos o el modo en el que los usamos, comun\u00edquese utilizando la informaci\u00f3n en la secci\u00f3n 9 aqu\u00ed debajo. <\/li><\/ul><p><strong>7. La seguridad<\/strong><\/p><p>Tomamos medidas razonables para proteger la limitada informaci\u00f3n que recogemos del acceso no autorizado, utilizo no autorizado, o divulgaci\u00f3n. Sin embargo, ning\u00fan m\u00e9todo de transmisi\u00f3n por internet o almacenamiento electr\u00f3nico es seguro al 100%, por esta raz\u00f3n no podemos garantizarle una seguridad absoluta. <\/p><p><strong>8. Usuarios internacionales<\/strong><\/p><p>Nuestro sitio est\u00e1 localizado en Estados Unidos y est\u00e1 destinado a usuarios dentro de este pa\u00eds. Si usted ingresa desde fuera de Estados Unidos, tenga presente que la informaci\u00f3n que recogemos ser\u00e1 transmitida y procesada en los Estados Unidos. Usando el sitio, usted da el consentimiento para hacer esta transferencia y proceso de acuerdo con esta Pol\u00edtica de Privacidad.  <\/p><p><strong>9. Cont\u00e1ctenos<\/strong><\/p><p>Si tiene alguna pregunta o inquietud sobre esta Pol\u00edtica de Privacidad o nuestras pr\u00e1cticas, por favor cont\u00e1ctenos en:<\/p><ul class=\"wp-block-list\"><li><a href=\"mailto:privacy@currentclinic.com\">privacy@currentclinic.com<\/a>; o<\/li><li>Current Clinic Inc., 7401 Metro Blvd., Suite 200, Edina, MN 55439.<\/li><\/ul><p><strong>10. Cambios en la Pol\u00edtica de Privacidad<\/strong><\/p><p>Es posible que realicemos actualizaciones en nuestra Pol\u00edtica de Privacidad de vez en cuando para reflejar cambios en nuestras pr\u00e1cticas o en la legislaci\u00f3n aplicable. Si se realizan cambios materiales, publicaremos una pol\u00edtica actualizada en esta p\u00e1gina con una nueva fecha de \u201c\u00faltima actualizaci\u00f3n\u201d. Lo animamos a revisar peri\u00f3dicamente esta Pol\u00edtica de Privacidad.  <\/p>\t\t\t\t\t\t\t\t<\/div>\n\t\t\t\t\t<\/div>\n\t\t\t\t<\/div>\n\t\t\t\t<\/div>\n\t\t","protected":false},"excerpt":{"rendered":"<p>Pol\u00edtica de privacidad Ultima actualizaci\u00f3n: 19 de marzo del 2025 En Current Clinic Inc. (\u201cCl\u00ednica Current\u201d, \u201cnosotros\u201d, o \u201cnuestro\u201d), estamos comprometidos a proteger su privacidad. En esta pol\u00edtica de privacidad explicamos como recolectamos, utilizamos, compartimos, y protegemos la informaci\u00f3n cuando usted visita nuestro sitio web (\u201cSitio\u201d). Nuestro sitio est\u00e1 dise\u00f1ado para proveer informaci\u00f3n sobre arritmias &hellip;<\/p>\n","protected":false},"author":2,"featured_media":0,"parent":0,"menu_order":0,"comment_status":"closed","ping_status":"closed","template":"","meta":{"_genesis_block_theme_hide_title":false,"footnotes":""},"class_list":["post-826","page","type-page","status-publish","hentry","post","without-featured-image"],"yoast_head":"<!-- This site is optimized with the Yoast SEO plugin v27.2 - https:\/\/yoast.com\/product\/yoast-seo-wordpress\/ -->\n<title>Privacy Policy | Current Clinic<\/title>\n<meta name=\"description\" content=\"How Current Clinic collects, uses, and protects information on our website. Learn about cookies, analytics, data security, and contact options.\" \/>\n<meta name=\"robots\" content=\"index, follow, max-snippet:-1, max-image-preview:large, max-video-preview:-1\" \/>\n<link rel=\"canonical\" href=\"https:\/\/currentclinic.com\/es\/politica-de-privacidad\/\" \/>\n<meta property=\"og:locale\" content=\"es_ES\" \/>\n<meta property=\"og:type\" content=\"article\" \/>\n<meta property=\"og:title\" content=\"Privacy Policy | Current Clinic\" \/>\n<meta property=\"og:description\" content=\"How Current Clinic collects, uses, and protects information on our website. Learn about cookies, analytics, data security, and contact options.\" \/>\n<meta property=\"og:url\" content=\"https:\/\/currentclinic.com\/es\/politica-de-privacidad\/\" \/>\n<meta property=\"og:site_name\" content=\"Current Clinic\" \/>\n<meta property=\"article:modified_time\" content=\"2026-01-09T11:49:57+00:00\" \/>\n<meta name=\"twitter:card\" content=\"summary_large_image\" \/>\n<meta name=\"twitter:label1\" content=\"Tiempo de lectura\" \/>\n\t<meta name=\"twitter:data1\" content=\"6 minutos\" \/>\n<script type=\"application\/ld+json\" class=\"yoast-schema-graph\">{\"@context\":\"https:\/\/schema.org\",\"@graph\":[{\"@type\":\"WebPage\",\"@id\":\"https:\/\/currentclinic.com\/es\/politica-de-privacidad\/\",\"url\":\"https:\/\/currentclinic.com\/es\/politica-de-privacidad\/\",\"name\":\"Privacy Policy | Current Clinic\",\"isPartOf\":{\"@id\":\"https:\/\/currentclinic.com\/es\/#website\"},\"datePublished\":\"2025-09-26T18:06:54+00:00\",\"dateModified\":\"2026-01-09T11:49:57+00:00\",\"description\":\"How Current Clinic collects, uses, and protects information on our website. Learn about cookies, analytics, data security, and contact options.\",\"breadcrumb\":{\"@id\":\"https:\/\/currentclinic.com\/es\/politica-de-privacidad\/#breadcrumb\"},\"inLanguage\":\"es\",\"potentialAction\":[{\"@type\":\"ReadAction\",\"target\":[\"https:\/\/currentclinic.com\/es\/politica-de-privacidad\/\"]}]},{\"@type\":\"BreadcrumbList\",\"@id\":\"https:\/\/currentclinic.com\/es\/politica-de-privacidad\/#breadcrumb\",\"itemListElement\":[{\"@type\":\"ListItem\",\"position\":1,\"name\":\"Home\",\"item\":\"https:\/\/currentclinic.com\/es\/home\/\"},{\"@type\":\"ListItem\",\"position\":2,\"name\":\"Pol\u00edtica de privacidad\"}]},{\"@type\":\"WebSite\",\"@id\":\"https:\/\/currentclinic.com\/es\/#website\",\"url\":\"https:\/\/currentclinic.com\/es\/\",\"name\":\"Current Clinic\",\"description\":\"\",\"publisher\":{\"@id\":\"https:\/\/currentclinic.com\/es\/#organization\"},\"potentialAction\":[{\"@type\":\"SearchAction\",\"target\":{\"@type\":\"EntryPoint\",\"urlTemplate\":\"https:\/\/currentclinic.com\/es\/?s={search_term_string}\"},\"query-input\":{\"@type\":\"PropertyValueSpecification\",\"valueRequired\":true,\"valueName\":\"search_term_string\"}}],\"inLanguage\":\"es\"},{\"@type\":\"Organization\",\"@id\":\"https:\/\/currentclinic.com\/es\/#organization\",\"name\":\"Current Clinic\",\"url\":\"https:\/\/currentclinic.com\/es\/\",\"logo\":{\"@type\":\"ImageObject\",\"inLanguage\":\"es\",\"@id\":\"https:\/\/currentclinic.com\/es\/#\/schema\/logo\/image\/\",\"url\":\"https:\/\/currentclinic.com\/wp-content\/uploads\/2025\/08\/cc-gradient-red.svg\",\"contentUrl\":\"https:\/\/currentclinic.com\/wp-content\/uploads\/2025\/08\/cc-gradient-red.svg\",\"width\":300,\"height\":55,\"caption\":\"Current Clinic\"},\"image\":{\"@id\":\"https:\/\/currentclinic.com\/es\/#\/schema\/logo\/image\/\"}}]}<\/script>\n<!-- \/ Yoast SEO plugin. -->","yoast_head_json":{"title":"Privacy Policy | Current Clinic","description":"How Current Clinic collects, uses, and protects information on our website. Learn about cookies, analytics, data security, and contact options.","robots":{"index":"index","follow":"follow","max-snippet":"max-snippet:-1","max-image-preview":"max-image-preview:large","max-video-preview":"max-video-preview:-1"},"canonical":"https:\/\/currentclinic.com\/es\/politica-de-privacidad\/","og_locale":"es_ES","og_type":"article","og_title":"Privacy Policy | Current Clinic","og_description":"How Current Clinic collects, uses, and protects information on our website. Learn about cookies, analytics, data security, and contact options.","og_url":"https:\/\/currentclinic.com\/es\/politica-de-privacidad\/","og_site_name":"Current Clinic","article_modified_time":"2026-01-09T11:49:57+00:00","twitter_card":"summary_large_image","twitter_misc":{"Tiempo de lectura":"6 minutos"},"schema":{"@context":"https:\/\/schema.org","@graph":[{"@type":"WebPage","@id":"https:\/\/currentclinic.com\/es\/politica-de-privacidad\/","url":"https:\/\/currentclinic.com\/es\/politica-de-privacidad\/","name":"Privacy Policy | Current Clinic","isPartOf":{"@id":"https:\/\/currentclinic.com\/es\/#website"},"datePublished":"2025-09-26T18:06:54+00:00","dateModified":"2026-01-09T11:49:57+00:00","description":"How Current Clinic collects, uses, and protects information on our website. Learn about cookies, analytics, data security, and contact options.","breadcrumb":{"@id":"https:\/\/currentclinic.com\/es\/politica-de-privacidad\/#breadcrumb"},"inLanguage":"es","potentialAction":[{"@type":"ReadAction","target":["https:\/\/currentclinic.com\/es\/politica-de-privacidad\/"]}]},{"@type":"BreadcrumbList","@id":"https:\/\/currentclinic.com\/es\/politica-de-privacidad\/#breadcrumb","itemListElement":[{"@type":"ListItem","position":1,"name":"Home","item":"https:\/\/currentclinic.com\/es\/home\/"},{"@type":"ListItem","position":2,"name":"Pol\u00edtica de privacidad"}]},{"@type":"WebSite","@id":"https:\/\/currentclinic.com\/es\/#website","url":"https:\/\/currentclinic.com\/es\/","name":"Current Clinic","description":"","publisher":{"@id":"https:\/\/currentclinic.com\/es\/#organization"},"potentialAction":[{"@type":"SearchAction","target":{"@type":"EntryPoint","urlTemplate":"https:\/\/currentclinic.com\/es\/?s={search_term_string}"},"query-input":{"@type":"PropertyValueSpecification","valueRequired":true,"valueName":"search_term_string"}}],"inLanguage":"es"},{"@type":"Organization","@id":"https:\/\/currentclinic.com\/es\/#organization","name":"Current Clinic","url":"https:\/\/currentclinic.com\/es\/","logo":{"@type":"ImageObject","inLanguage":"es","@id":"https:\/\/currentclinic.com\/es\/#\/schema\/logo\/image\/","url":"https:\/\/currentclinic.com\/wp-content\/uploads\/2025\/08\/cc-gradient-red.svg","contentUrl":"https:\/\/currentclinic.com\/wp-content\/uploads\/2025\/08\/cc-gradient-red.svg","width":300,"height":55,"caption":"Current Clinic"},"image":{"@id":"https:\/\/currentclinic.com\/es\/#\/schema\/logo\/image\/"}}]}},"_links":{"self":[{"href":"https:\/\/currentclinic.com\/es\/wp-json\/wp\/v2\/pages\/826","targetHints":{"allow":["GET"]}}],"collection":[{"href":"https:\/\/currentclinic.com\/es\/wp-json\/wp\/v2\/pages"}],"about":[{"href":"https:\/\/currentclinic.com\/es\/wp-json\/wp\/v2\/types\/page"}],"author":[{"embeddable":true,"href":"https:\/\/currentclinic.com\/es\/wp-json\/wp\/v2\/users\/2"}],"replies":[{"embeddable":true,"href":"https:\/\/currentclinic.com\/es\/wp-json\/wp\/v2\/comments?post=826"}],"version-history":[{"count":0,"href":"https:\/\/currentclinic.com\/es\/wp-json\/wp\/v2\/pages\/826\/revisions"}],"wp:attachment":[{"href":"https:\/\/currentclinic.com\/es\/wp-json\/wp\/v2\/media?parent=826"}],"curies":[{"name":"wp","href":"https:\/\/api.w.org\/{rel}","templated":true}]}}