{"id":791,"date":"2025-12-24T19:44:56","date_gmt":"2025-12-24T19:44:56","guid":{"rendered":"https:\/\/currentclindev.wpenginepowered.com\/reserve-una-cita\/"},"modified":"2026-01-09T11:48:05","modified_gmt":"2026-01-09T11:48:05","slug":"reserve-una-cita","status":"publish","type":"page","link":"https:\/\/currentclinic.com\/es\/reserve-una-cita\/","title":{"rendered":"Solicitar una cita"},"content":{"rendered":"\t\t<div data-elementor-type=\"wp-page\" data-elementor-id=\"791\" class=\"elementor elementor-791 elementor-633\" data-elementor-post-type=\"page\">\n\t\t\t\t<div class=\"elementor-element elementor-element-fcdaa9b e-flex e-con-boxed e-con e-parent\" data-id=\"fcdaa9b\" data-element_type=\"container\" data-e-type=\"container\" data-settings=\"{&quot;background_background&quot;:&quot;gradient&quot;}\">\n\t\t\t\t\t<div class=\"e-con-inner\">\n\t\t\t\t<div class=\"elementor-element elementor-element-2d1daf9 elementor-widget elementor-widget-heading\" data-id=\"2d1daf9\" data-element_type=\"widget\" data-e-type=\"widget\" data-widget_type=\"heading.default\">\n\t\t\t\t\t<h1 class=\"elementor-heading-title elementor-size-default\">Solicitar una cita<\/h1>\t\t\t\t<\/div>\n\t\t\t\t\t<\/div>\n\t\t\t\t<\/div>\n\t\t<div class=\"elementor-element elementor-element-896de47 e-flex e-con-boxed e-con e-parent\" data-id=\"896de47\" data-element_type=\"container\" data-e-type=\"container\">\n\t\t\t\t\t<div class=\"e-con-inner\">\n\t\t\t\t<div class=\"elementor-element elementor-element-ad85886 elementor-widget elementor-widget-template\" data-id=\"ad85886\" data-element_type=\"widget\" data-e-type=\"widget\" data-widget_type=\"template.default\">\n\t\t\t\t<div class=\"elementor-widget-container\">\n\t\t\t\t\t\t\t<div class=\"elementor-template\">\n\t\t\t\t\t<div data-elementor-type=\"container\" data-elementor-id=\"834\" class=\"elementor elementor-834 elementor-832 elementor-832\" data-elementor-post-type=\"elementor_library\">\n\t\t\t\t<div class=\"elementor-element elementor-element-3cb97e4b e-flex e-con-boxed e-con e-parent\" data-id=\"3cb97e4b\" data-element_type=\"container\" data-e-type=\"container\">\n\t\t\t\t\t<div class=\"e-con-inner\">\n\t\t\t\t<div class=\"elementor-element elementor-element-f2c653 elementor-widget elementor-widget-heading\" data-id=\"f2c653\" data-element_type=\"widget\" data-e-type=\"widget\" data-widget_type=\"heading.default\">\n\t\t\t\t\t<h2 class=\"elementor-heading-title elementor-size-default\">Reserve una cita<\/h2>\t\t\t\t<\/div>\n\t\t\t\t<div class=\"elementor-element elementor-element-1a45e1b5 elementor-widget__width-initial elementor-widget elementor-widget-heading\" data-id=\"1a45e1b5\" data-element_type=\"widget\" data-e-type=\"widget\" data-widget_type=\"heading.default\">\n\t\t\t\t\t<p class=\"elementor-heading-title elementor-size-default\">Por favor, complete el formulario a continuaci\u00f3n y un miembro de nuestro equipo se comunicar\u00e1 con usted por tel\u00e9fono dentro de dos d\u00edas h\u00e1biles para programar su cita.<\/p>\t\t\t\t<\/div>\n\t\t\t\t<div class=\"elementor-element elementor-element-38a59147 elementor-widget elementor-widget-html\" data-id=\"38a59147\" data-element_type=\"widget\" data-e-type=\"widget\" data-widget_type=\"html.default\">\n\t\t\t\t\t<script type=\"text\/javascript\" src=\"https:\/\/form.jotform.com\/jsform\/253414133993054?language=es\"><\/script>\t\t\t\t<\/div>\n\t\t\t\t\t<\/div>\n\t\t\t\t<\/div>\n\t\t\t\t<\/div>\n\t\t\t\t<\/div>\n\t\t\t\t\t\t<\/div>\n\t\t\t\t<\/div>\n\t\t\t\t\t<\/div>\n\t\t\t\t<\/div>\n\t\t\t\t<\/div>\n\t\t","protected":false},"excerpt":{"rendered":"<p>Solicitar una cita<\/p>\n","protected":false},"author":2,"featured_media":0,"parent":0,"menu_order":0,"comment_status":"closed","ping_status":"closed","template":"","meta":{"_genesis_block_theme_hide_title":false,"footnotes":""},"class_list":["post-791","page","type-page","status-publish","hentry","post","without-featured-image"],"yoast_head":"<!-- This site is optimized with the Yoast SEO plugin v27.2 - https:\/\/yoast.com\/product\/yoast-seo-wordpress\/ -->\n<title>Solicitar una cita - Current Clinic<\/title>\n<meta name=\"robots\" content=\"index, follow, max-snippet:-1, max-image-preview:large, max-video-preview:-1\" \/>\n<link rel=\"canonical\" href=\"https:\/\/currentclinic.com\/es\/reserve-una-cita\/\" \/>\n<meta property=\"og:locale\" content=\"es_ES\" \/>\n<meta property=\"og:type\" content=\"article\" \/>\n<meta property=\"og:title\" content=\"Solicitar una cita - Current Clinic\" \/>\n<meta property=\"og:description\" content=\"Solicitar una cita\" \/>\n<meta property=\"og:url\" content=\"https:\/\/currentclinic.com\/es\/reserve-una-cita\/\" \/>\n<meta property=\"og:site_name\" content=\"Current Clinic\" \/>\n<meta property=\"article:modified_time\" content=\"2026-01-09T11:48:05+00:00\" \/>\n<meta name=\"twitter:card\" content=\"summary_large_image\" \/>\n<meta name=\"twitter:label1\" content=\"Tiempo de lectura\" \/>\n\t<meta name=\"twitter:data1\" content=\"1 minuto\" \/>\n<script type=\"application\/ld+json\" class=\"yoast-schema-graph\">{\"@context\":\"https:\/\/schema.org\",\"@graph\":[{\"@type\":\"WebPage\",\"@id\":\"https:\/\/currentclinic.com\/es\/reserve-una-cita\/\",\"url\":\"https:\/\/currentclinic.com\/es\/reserve-una-cita\/\",\"name\":\"Solicitar una cita - Current Clinic\",\"isPartOf\":{\"@id\":\"https:\/\/currentclinic.com\/es\/#website\"},\"datePublished\":\"2025-12-24T19:44:56+00:00\",\"dateModified\":\"2026-01-09T11:48:05+00:00\",\"breadcrumb\":{\"@id\":\"https:\/\/currentclinic.com\/es\/reserve-una-cita\/#breadcrumb\"},\"inLanguage\":\"es\",\"potentialAction\":[{\"@type\":\"ReadAction\",\"target\":[\"https:\/\/currentclinic.com\/es\/reserve-una-cita\/\"]}]},{\"@type\":\"BreadcrumbList\",\"@id\":\"https:\/\/currentclinic.com\/es\/reserve-una-cita\/#breadcrumb\",\"itemListElement\":[{\"@type\":\"ListItem\",\"position\":1,\"name\":\"Home\",\"item\":\"https:\/\/currentclinic.com\/es\/home\/\"},{\"@type\":\"ListItem\",\"position\":2,\"name\":\"Solicitar una cita\"}]},{\"@type\":\"WebSite\",\"@id\":\"https:\/\/currentclinic.com\/es\/#website\",\"url\":\"https:\/\/currentclinic.com\/es\/\",\"name\":\"Current Clinic\",\"description\":\"\",\"publisher\":{\"@id\":\"https:\/\/currentclinic.com\/es\/#organization\"},\"potentialAction\":[{\"@type\":\"SearchAction\",\"target\":{\"@type\":\"EntryPoint\",\"urlTemplate\":\"https:\/\/currentclinic.com\/es\/?s={search_term_string}\"},\"query-input\":{\"@type\":\"PropertyValueSpecification\",\"valueRequired\":true,\"valueName\":\"search_term_string\"}}],\"inLanguage\":\"es\"},{\"@type\":\"Organization\",\"@id\":\"https:\/\/currentclinic.com\/es\/#organization\",\"name\":\"Current Clinic\",\"url\":\"https:\/\/currentclinic.com\/es\/\",\"logo\":{\"@type\":\"ImageObject\",\"inLanguage\":\"es\",\"@id\":\"https:\/\/currentclinic.com\/es\/#\/schema\/logo\/image\/\",\"url\":\"https:\/\/currentclinic.com\/wp-content\/uploads\/2025\/08\/cc-gradient-red.svg\",\"contentUrl\":\"https:\/\/currentclinic.com\/wp-content\/uploads\/2025\/08\/cc-gradient-red.svg\",\"width\":300,\"height\":55,\"caption\":\"Current Clinic\"},\"image\":{\"@id\":\"https:\/\/currentclinic.com\/es\/#\/schema\/logo\/image\/\"}}]}<\/script>\n<!-- \/ Yoast SEO plugin. -->","yoast_head_json":{"title":"Solicitar una cita - Current Clinic","robots":{"index":"index","follow":"follow","max-snippet":"max-snippet:-1","max-image-preview":"max-image-preview:large","max-video-preview":"max-video-preview:-1"},"canonical":"https:\/\/currentclinic.com\/es\/reserve-una-cita\/","og_locale":"es_ES","og_type":"article","og_title":"Solicitar una cita - Current Clinic","og_description":"Solicitar una cita","og_url":"https:\/\/currentclinic.com\/es\/reserve-una-cita\/","og_site_name":"Current Clinic","article_modified_time":"2026-01-09T11:48:05+00:00","twitter_card":"summary_large_image","twitter_misc":{"Tiempo de lectura":"1 minuto"},"schema":{"@context":"https:\/\/schema.org","@graph":[{"@type":"WebPage","@id":"https:\/\/currentclinic.com\/es\/reserve-una-cita\/","url":"https:\/\/currentclinic.com\/es\/reserve-una-cita\/","name":"Solicitar una cita - Current Clinic","isPartOf":{"@id":"https:\/\/currentclinic.com\/es\/#website"},"datePublished":"2025-12-24T19:44:56+00:00","dateModified":"2026-01-09T11:48:05+00:00","breadcrumb":{"@id":"https:\/\/currentclinic.com\/es\/reserve-una-cita\/#breadcrumb"},"inLanguage":"es","potentialAction":[{"@type":"ReadAction","target":["https:\/\/currentclinic.com\/es\/reserve-una-cita\/"]}]},{"@type":"BreadcrumbList","@id":"https:\/\/currentclinic.com\/es\/reserve-una-cita\/#breadcrumb","itemListElement":[{"@type":"ListItem","position":1,"name":"Home","item":"https:\/\/currentclinic.com\/es\/home\/"},{"@type":"ListItem","position":2,"name":"Solicitar una cita"}]},{"@type":"WebSite","@id":"https:\/\/currentclinic.com\/es\/#website","url":"https:\/\/currentclinic.com\/es\/","name":"Current Clinic","description":"","publisher":{"@id":"https:\/\/currentclinic.com\/es\/#organization"},"potentialAction":[{"@type":"SearchAction","target":{"@type":"EntryPoint","urlTemplate":"https:\/\/currentclinic.com\/es\/?s={search_term_string}"},"query-input":{"@type":"PropertyValueSpecification","valueRequired":true,"valueName":"search_term_string"}}],"inLanguage":"es"},{"@type":"Organization","@id":"https:\/\/currentclinic.com\/es\/#organization","name":"Current Clinic","url":"https:\/\/currentclinic.com\/es\/","logo":{"@type":"ImageObject","inLanguage":"es","@id":"https:\/\/currentclinic.com\/es\/#\/schema\/logo\/image\/","url":"https:\/\/currentclinic.com\/wp-content\/uploads\/2025\/08\/cc-gradient-red.svg","contentUrl":"https:\/\/currentclinic.com\/wp-content\/uploads\/2025\/08\/cc-gradient-red.svg","width":300,"height":55,"caption":"Current Clinic"},"image":{"@id":"https:\/\/currentclinic.com\/es\/#\/schema\/logo\/image\/"}}]}},"_links":{"self":[{"href":"https:\/\/currentclinic.com\/es\/wp-json\/wp\/v2\/pages\/791","targetHints":{"allow":["GET"]}}],"collection":[{"href":"https:\/\/currentclinic.com\/es\/wp-json\/wp\/v2\/pages"}],"about":[{"href":"https:\/\/currentclinic.com\/es\/wp-json\/wp\/v2\/types\/page"}],"author":[{"embeddable":true,"href":"https:\/\/currentclinic.com\/es\/wp-json\/wp\/v2\/users\/2"}],"replies":[{"embeddable":true,"href":"https:\/\/currentclinic.com\/es\/wp-json\/wp\/v2\/comments?post=791"}],"version-history":[{"count":0,"href":"https:\/\/currentclinic.com\/es\/wp-json\/wp\/v2\/pages\/791\/revisions"}],"wp:attachment":[{"href":"https:\/\/currentclinic.com\/es\/wp-json\/wp\/v2\/media?parent=791"}],"curies":[{"name":"wp","href":"https:\/\/api.w.org\/{rel}","templated":true}]}}