{"id":754,"date":"2025-11-28T07:38:38","date_gmt":"2025-11-28T07:38:38","guid":{"rendered":"https:\/\/currentclindev.wpenginepowered.com\/locations-list\/"},"modified":"2026-02-11T19:33:16","modified_gmt":"2026-02-11T19:33:16","slug":"ubicaciones","status":"publish","type":"page","link":"https:\/\/currentclinic.com\/es\/ubicaciones\/","title":{"rendered":"Locations List"},"content":{"rendered":"\t\t<div data-elementor-type=\"wp-page\" data-elementor-id=\"754\" class=\"elementor elementor-754 elementor-561\" data-elementor-post-type=\"page\">\n\t\t\t\t<div class=\"elementor-element elementor-element-238d7af e-flex e-con-boxed e-con e-parent\" data-id=\"238d7af\" data-element_type=\"container\" data-e-type=\"container\" data-settings=\"{&quot;background_background&quot;:&quot;gradient&quot;}\">\n\t\t\t\t\t<div class=\"e-con-inner\">\n\t\t\t\t<div class=\"elementor-element elementor-element-57044b7 elementor-widget elementor-widget-heading\" data-id=\"57044b7\" data-element_type=\"widget\" data-e-type=\"widget\" data-widget_type=\"heading.default\">\n\t\t\t\t\t<h1 class=\"elementor-heading-title elementor-size-default\">Ubicaciones<\/h1>\t\t\t\t<\/div>\n\t\t\t\t\t<\/div>\n\t\t\t\t<\/div>\n\t\t<div class=\"elementor-element elementor-element-0b23071 e-flex e-con-boxed e-con e-parent\" data-id=\"0b23071\" data-element_type=\"container\" data-e-type=\"container\">\n\t\t\t\t\t<div class=\"e-con-inner\">\n\t\t<div class=\"elementor-element elementor-element-ea32775 e-con-full e-flex e-con e-child\" data-id=\"ea32775\" data-element_type=\"container\" data-e-type=\"container\">\n\t\t<div class=\"elementor-element elementor-element-455e79f e-con-full e-flex e-con e-child\" data-id=\"455e79f\" data-element_type=\"container\" data-e-type=\"container\" data-settings=\"{&quot;background_background&quot;:&quot;classic&quot;}\">\n\t\t<div class=\"elementor-element elementor-element-79ade99 e-con-full e-flex e-con e-child\" data-id=\"79ade99\" data-element_type=\"container\" data-e-type=\"container\" data-settings=\"{&quot;background_background&quot;:&quot;classic&quot;}\">\n\t\t\t\t<\/div>\n\t\t<div class=\"elementor-element elementor-element-069e110 e-con-full e-flex e-con e-child\" data-id=\"069e110\" data-element_type=\"container\" data-e-type=\"container\">\n\t\t\t\t<div class=\"elementor-element elementor-element-709f6ef elementor-widget elementor-widget-heading\" data-id=\"709f6ef\" data-element_type=\"widget\" data-e-type=\"widget\" data-widget_type=\"heading.default\">\n\t\t\t\t\t<h3 class=\"elementor-heading-title elementor-size-default\">Current Clinic Carlsbad<\/h3>\t\t\t\t<\/div>\n\t\t\t\t<div class=\"elementor-element elementor-element-5c77a43 elementor-widget elementor-widget-heading\" data-id=\"5c77a43\" data-element_type=\"widget\" data-e-type=\"widget\" data-widget_type=\"heading.default\">\n\t\t\t\t\t<p class=\"elementor-heading-title elementor-size-default\">1619 Skyline Circle, Suite A\u2028<br>Carlsbad, NM 88220<\/p>\t\t\t\t<\/div>\n\t\t<div class=\"elementor-element elementor-element-b50d7cc e-con-full e-flex e-con e-child\" data-id=\"b50d7cc\" data-element_type=\"container\" data-e-type=\"container\">\n\t\t\t\t<div class=\"elementor-element elementor-element-d2cd56c elementor-widget__width-initial elementor-widget elementor-widget-heading\" data-id=\"d2cd56c\" data-element_type=\"widget\" data-e-type=\"widget\" data-widget_type=\"heading.default\">\n\t\t\t\t\t<h3 class=\"elementor-heading-title elementor-size-default\">Tel\u00e9fono<\/h3>\t\t\t\t<\/div>\n\t\t\t\t<div class=\"elementor-element elementor-element-a3db551 elementor-widget elementor-widget-text-editor\" data-id=\"a3db551\" data-element_type=\"widget\" data-e-type=\"widget\" data-widget_type=\"text-editor.default\">\n\t\t\t\t\t\t\t\t\t<p>(575) 941-4400<\/p>\t\t\t\t\t\t\t\t<\/div>\n\t\t\t\t<\/div>\n\t\t<div class=\"elementor-element elementor-element-9da8744 e-con-full e-flex e-con e-child\" data-id=\"9da8744\" data-element_type=\"container\" data-e-type=\"container\">\n\t\t\t\t<div class=\"elementor-element elementor-element-9e5973c elementor-widget__width-initial elementor-widget elementor-widget-heading\" data-id=\"9e5973c\" data-element_type=\"widget\" data-e-type=\"widget\" data-widget_type=\"heading.default\">\n\t\t\t\t\t<h3 class=\"elementor-heading-title elementor-size-default\">Fax<\/h3>\t\t\t\t<\/div>\n\t\t\t\t<div class=\"elementor-element elementor-element-895d951 elementor-widget elementor-widget-text-editor\" data-id=\"895d951\" data-element_type=\"widget\" data-e-type=\"widget\" data-widget_type=\"text-editor.default\">\n\t\t\t\t\t\t\t\t\t<p>(833) 620-2406<\/p>\t\t\t\t\t\t\t\t<\/div>\n\t\t\t\t<\/div>\n\t\t<div class=\"elementor-element elementor-element-64fe7c6 e-con-full e-flex e-con e-child\" data-id=\"64fe7c6\" data-element_type=\"container\" data-e-type=\"container\">\n\t\t\t\t<div class=\"elementor-element elementor-element-92956aa elementor-widget__width-initial elementor-widget elementor-widget-heading\" data-id=\"92956aa\" data-element_type=\"widget\" data-e-type=\"widget\" data-widget_type=\"heading.default\">\n\t\t\t\t\t<h3 class=\"elementor-heading-title elementor-size-default\">Horario<\/h3>\t\t\t\t<\/div>\n\t\t\t\t<div class=\"elementor-element elementor-element-cf3e9b9 elementor-widget__width-initial elementor-widget-mobile__width-inherit elementor-widget elementor-widget-heading\" data-id=\"cf3e9b9\" data-element_type=\"widget\" data-e-type=\"widget\" data-widget_type=\"heading.default\">\n\t\t\t\t\t<h3 class=\"elementor-heading-title elementor-size-default\">Lunes a Viernes de<\/h3>\t\t\t\t<\/div>\n\t\t\t\t<div class=\"elementor-element elementor-element-7879b89 elementor-widget elementor-widget-heading\" data-id=\"7879b89\" data-element_type=\"widget\" data-e-type=\"widget\" data-widget_type=\"heading.default\">\n\t\t\t\t\t<h3 class=\"elementor-heading-title elementor-size-default\">8:00 a.m.\u20135:00 p.m.<\/h3>\t\t\t\t<\/div>\n\t\t\t\t<\/div>\n\t\t<div class=\"elementor-element elementor-element-6ff466b e-con-full e-flex e-con e-child\" data-id=\"6ff466b\" data-element_type=\"container\" data-e-type=\"container\">\n\t\t\t\t<div class=\"elementor-element elementor-element-466af67 elementor-hidden-mobile elementor-widget__width-initial elementor-widget elementor-widget-heading\" data-id=\"466af67\" data-element_type=\"widget\" data-e-type=\"widget\" data-widget_type=\"heading.default\">\n\t\t\t\t\t<h3 class=\"elementor-heading-title elementor-size-default\">Horario<\/h3>\t\t\t\t<\/div>\n\t\t\t\t<div class=\"elementor-element elementor-element-7792e8b elementor-widget__width-initial elementor-widget-mobile__width-inherit elementor-widget elementor-widget-heading\" data-id=\"7792e8b\" data-element_type=\"widget\" data-e-type=\"widget\" data-widget_type=\"heading.default\">\n\t\t\t\t\t<h3 class=\"elementor-heading-title elementor-size-default\">S\u00e0bados y Domingos<\/h3>\t\t\t\t<\/div>\n\t\t\t\t<div class=\"elementor-element elementor-element-4969bef elementor-widget elementor-widget-heading\" data-id=\"4969bef\" data-element_type=\"widget\" data-e-type=\"widget\" data-widget_type=\"heading.default\">\n\t\t\t\t\t<h3 class=\"elementor-heading-title elementor-size-default\">cerrado<\/h3>\t\t\t\t<\/div>\n\t\t\t\t<\/div>\n\t\t<div class=\"elementor-element elementor-element-20cbd06 e-con-full e-flex e-con e-child\" data-id=\"20cbd06\" data-element_type=\"container\" data-e-type=\"container\">\n\t\t\t\t<div class=\"elementor-element elementor-element-93d7a5c elementor-mobile-align-justify elementor-widget elementor-widget-button\" data-id=\"93d7a5c\" data-element_type=\"widget\" data-e-type=\"widget\" data-widget_type=\"button.default\">\n\t\t\t\t\t\t\t\t\t\t<a class=\"elementor-button elementor-button-link elementor-size-sm\" href=\"https:\/\/currentclinic.com\/es\/ubicaciones\/clinica-actual-carlsbad\/\">\n\t\t\t\t\t\t<span class=\"elementor-button-content-wrapper\">\n\t\t\t\t\t\t\t\t\t<span class=\"elementor-button-text\">Detalles de ubicaci\u00f3n<\/span>\n\t\t\t\t\t<\/span>\n\t\t\t\t\t<\/a>\n\t\t\t\t\t\t\t\t<\/div>\n\t\t\t\t<div class=\"elementor-element elementor-element-e1ba98f elementor-mobile-align-justify elementor-widget elementor-widget-button\" data-id=\"e1ba98f\" data-element_type=\"widget\" data-e-type=\"widget\" data-widget_type=\"button.default\">\n\t\t\t\t\t\t\t\t\t\t<a class=\"elementor-button elementor-button-link elementor-size-sm\" href=\"https:\/\/currentclinic.com\/es\/proveedores\/\">\n\t\t\t\t\t\t<span class=\"elementor-button-content-wrapper\">\n\t\t\t\t\t\t\t\t\t<span class=\"elementor-button-text\">Ver proveedores<\/span>\n\t\t\t\t\t<\/span>\n\t\t\t\t\t<\/a>\n\t\t\t\t\t\t\t\t<\/div>\n\t\t\t\t<\/div>\n\t\t\t\t<\/div>\n\t\t\t\t<\/div>\n\t\t<div class=\"elementor-element elementor-element-78dd823 e-con-full e-flex e-con e-child\" data-id=\"78dd823\" data-element_type=\"container\" data-e-type=\"container\">\n\t\t\t\t<div class=\"elementor-element elementor-element-5e53aa9 elementor-widget elementor-widget-heading\" data-id=\"5e53aa9\" data-element_type=\"widget\" data-e-type=\"widget\" data-widget_type=\"heading.default\">\n\t\t\t\t\t<h3 class=\"elementor-heading-title elementor-size-default\">En desarrollo<\/h3>\t\t\t\t<\/div>\n\t\t<div class=\"elementor-element elementor-element-3374035 e-con-full e-flex e-con e-child\" data-id=\"3374035\" data-element_type=\"container\" data-e-type=\"container\" data-settings=\"{&quot;background_background&quot;:&quot;classic&quot;}\">\n\t\t<div class=\"elementor-element elementor-element-6f860cd e-con-full e-flex e-con e-child\" data-id=\"6f860cd\" data-element_type=\"container\" data-e-type=\"container\" data-settings=\"{&quot;background_background&quot;:&quot;classic&quot;}\">\n\t\t\t\t<\/div>\n\t\t<div class=\"elementor-element elementor-element-1cf0508 e-con-full e-flex e-con e-child\" data-id=\"1cf0508\" data-element_type=\"container\" data-e-type=\"container\">\n\t\t\t\t<div class=\"elementor-element elementor-element-e8fde53 elementor-widget elementor-widget-heading\" data-id=\"e8fde53\" data-element_type=\"widget\" data-e-type=\"widget\" data-widget_type=\"heading.default\">\n\t\t\t\t\t<h3 class=\"elementor-heading-title elementor-size-default\">Current Clinic<\/h3>\t\t\t\t<\/div>\n\t\t\t\t<div class=\"elementor-element elementor-element-c6cea06 elementor-widget elementor-widget-heading\" data-id=\"c6cea06\" data-element_type=\"widget\" data-e-type=\"widget\" data-widget_type=\"heading.default\">\n\t\t\t\t\t<p class=\"elementor-heading-title elementor-size-default\">Indiana<\/p>\t\t\t\t<\/div>\n\t\t\t\t<\/div>\n\t\t\t\t<\/div>\n\t\t<div class=\"elementor-element elementor-element-633dd88 e-con-full e-flex e-con e-child\" data-id=\"633dd88\" data-element_type=\"container\" data-e-type=\"container\" data-settings=\"{&quot;background_background&quot;:&quot;classic&quot;}\">\n\t\t<div class=\"elementor-element elementor-element-a89c814 e-con-full e-flex e-con e-child\" data-id=\"a89c814\" data-element_type=\"container\" data-e-type=\"container\" data-settings=\"{&quot;background_background&quot;:&quot;classic&quot;}\">\n\t\t\t\t<\/div>\n\t\t<div class=\"elementor-element elementor-element-e2f0be5 e-con-full e-flex e-con e-child\" data-id=\"e2f0be5\" data-element_type=\"container\" data-e-type=\"container\">\n\t\t\t\t<div class=\"elementor-element elementor-element-5b5f1e2 elementor-widget elementor-widget-heading\" data-id=\"5b5f1e2\" data-element_type=\"widget\" data-e-type=\"widget\" data-widget_type=\"heading.default\">\n\t\t\t\t\t<h3 class=\"elementor-heading-title elementor-size-default\">Current Clinic<\/h3>\t\t\t\t<\/div>\n\t\t\t\t<div class=\"elementor-element elementor-element-15aa355 elementor-widget elementor-widget-heading\" data-id=\"15aa355\" data-element_type=\"widget\" data-e-type=\"widget\" data-widget_type=\"heading.default\">\n\t\t\t\t\t<p class=\"elementor-heading-title elementor-size-default\">To be announced<\/p>\t\t\t\t<\/div>\n\t\t\t\t<\/div>\n\t\t\t\t<\/div>\n\t\t\t\t<\/div>\n\t\t\t\t<\/div>\n\t\t\t\t\t<\/div>\n\t\t\t\t<\/div>\n\t\t<div class=\"elementor-element elementor-element-7e23109 e-con-full e-flex e-con e-parent\" data-id=\"7e23109\" data-element_type=\"container\" data-e-type=\"container\">\n\t\t\t\t<div class=\"elementor-element elementor-element-5b020d3 elementor-widget elementor-widget-template\" data-id=\"5b020d3\" data-element_type=\"widget\" data-e-type=\"widget\" data-widget_type=\"template.default\">\n\t\t\t\t<div class=\"elementor-widget-container\">\n\t\t\t\t\t\t\t<div class=\"elementor-template\">\n\t\t\t\t\t<div data-elementor-type=\"container\" data-elementor-id=\"790\" class=\"elementor elementor-790 elementor-646 elementor-646\" data-elementor-post-type=\"elementor_library\">\n\t\t\t\t<div class=\"elementor-element elementor-element-2180f903 e-flex e-con-boxed e-con e-parent\" data-id=\"2180f903\" data-element_type=\"container\" data-e-type=\"container\" data-settings=\"{&quot;background_background&quot;:&quot;classic&quot;}\">\n\t\t\t\t\t<div class=\"e-con-inner\">\n\t\t\t\t<div class=\"elementor-element elementor-element-69aa70ba elementor-widget elementor-widget-heading\" data-id=\"69aa70ba\" data-element_type=\"widget\" data-e-type=\"widget\" data-widget_type=\"heading.default\">\n\t\t\t\t\t<h2 class=\"elementor-heading-title elementor-size-default\">Solicitar una cita<\/h2>\t\t\t\t<\/div>\n\t\t\t\t<div class=\"elementor-element elementor-element-60c40739 elementor-widget__width-initial elementor-widget elementor-widget-heading\" data-id=\"60c40739\" data-element_type=\"widget\" data-e-type=\"widget\" data-widget_type=\"heading.default\">\n\t\t\t\t\t<h2 class=\"elementor-heading-title elementor-size-default\">Por favor, complete el formulario a continuaci\u00f3n y un miembro de nuestro equipo se comunicar\u00e1 con usted por tel\u00e9fono dentro de dos d\u00edas h\u00e1biles para programar su cita.<\/h2>\t\t\t\t<\/div>\n\t\t\t\t<div class=\"elementor-element elementor-element-6d717525 elementor-widget elementor-widget-html\" data-id=\"6d717525\" data-element_type=\"widget\" data-e-type=\"widget\" data-widget_type=\"html.default\">\n\t\t\t\t\t<script type=\"text\/javascript\" src=\"https:\/\/form.jotform.com\/jsform\/253582483398471?language=es\"><\/script>\t\t\t\t<\/div>\n\t\t\t\t\t<\/div>\n\t\t\t\t<\/div>\n\t\t\t\t<\/div>\n\t\t\t\t<\/div>\n\t\t\t\t\t\t<\/div>\n\t\t\t\t<\/div>\n\t\t\t\t<\/div>\n\t\t\t\t<\/div>\n\t\t","protected":false},"excerpt":{"rendered":"<p>Ubicaciones Current Clinic Carlsbad 1619 Skyline Circle, Suite A\u2028Carlsbad, NM 88220 Tel\u00e9fono (575) 941-4400 Fax (833) 620-2406 Horario Lunes a Viernes de 8:00 a.m.\u20135:00 p.m. Horario S\u00e0bados y Domingos cerrado Detalles de ubicaci\u00f3n Ver proveedores En desarrollo Current Clinic Indiana Current Clinic To be announced<\/p>\n","protected":false},"author":2,"featured_media":0,"parent":0,"menu_order":0,"comment_status":"closed","ping_status":"closed","template":"elementor_header_footer","meta":{"_genesis_block_theme_hide_title":false,"footnotes":""},"class_list":["post-754","page","type-page","status-publish","hentry","post","without-featured-image"],"yoast_head":"<!-- This site is optimized with the Yoast SEO plugin v27.2 - https:\/\/yoast.com\/product\/yoast-seo-wordpress\/ -->\n<title>Cardiology &amp; AFib Clinic Locations | Current Clinic Carlsbad NM<\/title>\n<meta name=\"description\" content=\"Visit Current Clinic Carlsbad at 1619 Skyline Circle, Suite A. AFib and full cardiology services. Mon\u2013Fri 8\u20135. Call (575) 941-4400. New locations coming soon.\" \/>\n<meta name=\"robots\" content=\"index, follow, max-snippet:-1, max-image-preview:large, max-video-preview:-1\" \/>\n<link rel=\"canonical\" href=\"https:\/\/currentclinic.com\/es\/ubicaciones\/\" \/>\n<meta property=\"og:locale\" content=\"es_ES\" \/>\n<meta property=\"og:type\" content=\"article\" \/>\n<meta property=\"og:title\" content=\"Cardiology &amp; AFib Clinic Locations | Current Clinic Carlsbad NM\" \/>\n<meta property=\"og:description\" content=\"Visit Current Clinic Carlsbad at 1619 Skyline Circle, Suite A. AFib and full cardiology services. Mon\u2013Fri 8\u20135. Call (575) 941-4400. New locations coming soon.\" \/>\n<meta property=\"og:url\" content=\"https:\/\/currentclinic.com\/es\/ubicaciones\/\" \/>\n<meta property=\"og:site_name\" content=\"Current Clinic\" \/>\n<meta property=\"article:modified_time\" content=\"2026-02-11T19:33:16+00:00\" \/>\n<meta name=\"twitter:card\" content=\"summary_large_image\" \/>\n<script type=\"application\/ld+json\" class=\"yoast-schema-graph\">{\"@context\":\"https:\/\/schema.org\",\"@graph\":[{\"@type\":\"WebPage\",\"@id\":\"https:\/\/currentclinic.com\/es\/ubicaciones\/\",\"url\":\"https:\/\/currentclinic.com\/es\/ubicaciones\/\",\"name\":\"Cardiology & AFib Clinic Locations | Current Clinic Carlsbad NM\",\"isPartOf\":{\"@id\":\"https:\/\/currentclinic.com\/es\/#website\"},\"datePublished\":\"2025-11-28T07:38:38+00:00\",\"dateModified\":\"2026-02-11T19:33:16+00:00\",\"description\":\"Visit Current Clinic Carlsbad at 1619 Skyline Circle, Suite A. AFib and full cardiology services. Mon\u2013Fri 8\u20135. Call (575) 941-4400. New locations coming soon.\",\"breadcrumb\":{\"@id\":\"https:\/\/currentclinic.com\/es\/ubicaciones\/#breadcrumb\"},\"inLanguage\":\"es\",\"potentialAction\":[{\"@type\":\"ReadAction\",\"target\":[\"https:\/\/currentclinic.com\/es\/ubicaciones\/\"]}]},{\"@type\":\"BreadcrumbList\",\"@id\":\"https:\/\/currentclinic.com\/es\/ubicaciones\/#breadcrumb\",\"itemListElement\":[{\"@type\":\"ListItem\",\"position\":1,\"name\":\"Home\",\"item\":\"https:\/\/currentclinic.com\/es\/home\/\"},{\"@type\":\"ListItem\",\"position\":2,\"name\":\"Locations List\"}]},{\"@type\":\"WebSite\",\"@id\":\"https:\/\/currentclinic.com\/es\/#website\",\"url\":\"https:\/\/currentclinic.com\/es\/\",\"name\":\"Current Clinic\",\"description\":\"\",\"publisher\":{\"@id\":\"https:\/\/currentclinic.com\/es\/#organization\"},\"potentialAction\":[{\"@type\":\"SearchAction\",\"target\":{\"@type\":\"EntryPoint\",\"urlTemplate\":\"https:\/\/currentclinic.com\/es\/?s={search_term_string}\"},\"query-input\":{\"@type\":\"PropertyValueSpecification\",\"valueRequired\":true,\"valueName\":\"search_term_string\"}}],\"inLanguage\":\"es\"},{\"@type\":\"Organization\",\"@id\":\"https:\/\/currentclinic.com\/es\/#organization\",\"name\":\"Current Clinic\",\"url\":\"https:\/\/currentclinic.com\/es\/\",\"logo\":{\"@type\":\"ImageObject\",\"inLanguage\":\"es\",\"@id\":\"https:\/\/currentclinic.com\/es\/#\/schema\/logo\/image\/\",\"url\":\"https:\/\/currentclinic.com\/wp-content\/uploads\/2025\/08\/cc-gradient-red.svg\",\"contentUrl\":\"https:\/\/currentclinic.com\/wp-content\/uploads\/2025\/08\/cc-gradient-red.svg\",\"width\":300,\"height\":55,\"caption\":\"Current Clinic\"},\"image\":{\"@id\":\"https:\/\/currentclinic.com\/es\/#\/schema\/logo\/image\/\"}}]}<\/script>\n<!-- \/ Yoast SEO plugin. -->","yoast_head_json":{"title":"Cardiology & AFib Clinic Locations | Current Clinic Carlsbad NM","description":"Visit Current Clinic Carlsbad at 1619 Skyline Circle, Suite A. AFib and full cardiology services. Mon\u2013Fri 8\u20135. Call (575) 941-4400. New locations coming soon.","robots":{"index":"index","follow":"follow","max-snippet":"max-snippet:-1","max-image-preview":"max-image-preview:large","max-video-preview":"max-video-preview:-1"},"canonical":"https:\/\/currentclinic.com\/es\/ubicaciones\/","og_locale":"es_ES","og_type":"article","og_title":"Cardiology & AFib Clinic Locations | Current Clinic Carlsbad NM","og_description":"Visit Current Clinic Carlsbad at 1619 Skyline Circle, Suite A. AFib and full cardiology services. Mon\u2013Fri 8\u20135. Call (575) 941-4400. New locations coming soon.","og_url":"https:\/\/currentclinic.com\/es\/ubicaciones\/","og_site_name":"Current Clinic","article_modified_time":"2026-02-11T19:33:16+00:00","twitter_card":"summary_large_image","schema":{"@context":"https:\/\/schema.org","@graph":[{"@type":"WebPage","@id":"https:\/\/currentclinic.com\/es\/ubicaciones\/","url":"https:\/\/currentclinic.com\/es\/ubicaciones\/","name":"Cardiology & AFib Clinic Locations | Current Clinic Carlsbad NM","isPartOf":{"@id":"https:\/\/currentclinic.com\/es\/#website"},"datePublished":"2025-11-28T07:38:38+00:00","dateModified":"2026-02-11T19:33:16+00:00","description":"Visit Current Clinic Carlsbad at 1619 Skyline Circle, Suite A. AFib and full cardiology services. Mon\u2013Fri 8\u20135. Call (575) 941-4400. New locations coming soon.","breadcrumb":{"@id":"https:\/\/currentclinic.com\/es\/ubicaciones\/#breadcrumb"},"inLanguage":"es","potentialAction":[{"@type":"ReadAction","target":["https:\/\/currentclinic.com\/es\/ubicaciones\/"]}]},{"@type":"BreadcrumbList","@id":"https:\/\/currentclinic.com\/es\/ubicaciones\/#breadcrumb","itemListElement":[{"@type":"ListItem","position":1,"name":"Home","item":"https:\/\/currentclinic.com\/es\/home\/"},{"@type":"ListItem","position":2,"name":"Locations List"}]},{"@type":"WebSite","@id":"https:\/\/currentclinic.com\/es\/#website","url":"https:\/\/currentclinic.com\/es\/","name":"Current Clinic","description":"","publisher":{"@id":"https:\/\/currentclinic.com\/es\/#organization"},"potentialAction":[{"@type":"SearchAction","target":{"@type":"EntryPoint","urlTemplate":"https:\/\/currentclinic.com\/es\/?s={search_term_string}"},"query-input":{"@type":"PropertyValueSpecification","valueRequired":true,"valueName":"search_term_string"}}],"inLanguage":"es"},{"@type":"Organization","@id":"https:\/\/currentclinic.com\/es\/#organization","name":"Current Clinic","url":"https:\/\/currentclinic.com\/es\/","logo":{"@type":"ImageObject","inLanguage":"es","@id":"https:\/\/currentclinic.com\/es\/#\/schema\/logo\/image\/","url":"https:\/\/currentclinic.com\/wp-content\/uploads\/2025\/08\/cc-gradient-red.svg","contentUrl":"https:\/\/currentclinic.com\/wp-content\/uploads\/2025\/08\/cc-gradient-red.svg","width":300,"height":55,"caption":"Current Clinic"},"image":{"@id":"https:\/\/currentclinic.com\/es\/#\/schema\/logo\/image\/"}}]}},"_links":{"self":[{"href":"https:\/\/currentclinic.com\/es\/wp-json\/wp\/v2\/pages\/754","targetHints":{"allow":["GET"]}}],"collection":[{"href":"https:\/\/currentclinic.com\/es\/wp-json\/wp\/v2\/pages"}],"about":[{"href":"https:\/\/currentclinic.com\/es\/wp-json\/wp\/v2\/types\/page"}],"author":[{"embeddable":true,"href":"https:\/\/currentclinic.com\/es\/wp-json\/wp\/v2\/users\/2"}],"replies":[{"embeddable":true,"href":"https:\/\/currentclinic.com\/es\/wp-json\/wp\/v2\/comments?post=754"}],"version-history":[{"count":0,"href":"https:\/\/currentclinic.com\/es\/wp-json\/wp\/v2\/pages\/754\/revisions"}],"wp:attachment":[{"href":"https:\/\/currentclinic.com\/es\/wp-json\/wp\/v2\/media?parent=754"}],"curies":[{"name":"wp","href":"https:\/\/api.w.org\/{rel}","templated":true}]}}