{"id":665,"date":"2025-12-24T20:27:32","date_gmt":"2025-12-24T20:27:32","guid":{"rendered":"https:\/\/currentclindev.wpenginepowered.com\/contacta-con-nosotras\/"},"modified":"2026-01-09T11:49:05","modified_gmt":"2026-01-09T11:49:05","slug":"contacta-con-nosotras","status":"publish","type":"page","link":"https:\/\/currentclinic.com\/es\/contacta-con-nosotras\/","title":{"rendered":"Contacta con nosotras"},"content":{"rendered":"\t\t<div data-elementor-type=\"wp-page\" data-elementor-id=\"665\" class=\"elementor elementor-665 elementor-638\" data-elementor-post-type=\"page\">\n\t\t\t\t<div class=\"elementor-element elementor-element-fcdaa9b e-flex e-con-boxed e-con e-parent\" data-id=\"fcdaa9b\" data-element_type=\"container\" data-e-type=\"container\" data-settings=\"{&quot;background_background&quot;:&quot;gradient&quot;}\">\n\t\t\t\t\t<div class=\"e-con-inner\">\n\t\t\t\t<div class=\"elementor-element elementor-element-2d1daf9 elementor-widget elementor-widget-heading\" data-id=\"2d1daf9\" data-element_type=\"widget\" data-e-type=\"widget\" data-widget_type=\"heading.default\">\n\t\t\t\t\t<h1 class=\"elementor-heading-title elementor-size-default\">Contacta con nosotras<\/h1>\t\t\t\t<\/div>\n\t\t<div class=\"elementor-element elementor-element-b4881f2 e-con-full e-flex e-con e-child\" data-id=\"b4881f2\" data-element_type=\"container\" data-e-type=\"container\" data-settings=\"{&quot;background_background&quot;:&quot;classic&quot;}\">\n\t\t\t\t<div class=\"elementor-element elementor-element-e50fbe3 elementor-widget elementor-widget-heading\" data-id=\"e50fbe3\" data-element_type=\"widget\" data-e-type=\"widget\" data-widget_type=\"heading.default\">\n\t\t\t\t\t<h2 class=\"elementor-heading-title elementor-size-default\">\u00bfEst\u00e1s buscando informaci\u00f3n sobre horarios?<\/h2>\t\t\t\t<\/div>\n\t\t\t\t<div class=\"elementor-element elementor-element-ba7269b elementor-mobile-align-justify elementor-widget elementor-widget-button\" data-id=\"ba7269b\" data-element_type=\"widget\" data-e-type=\"widget\" data-widget_type=\"button.default\">\n\t\t\t\t\t\t\t\t\t\t<a class=\"elementor-button elementor-button-link elementor-size-sm\" href=\"https:\/\/currentclinic.com\/es\/reserve-una-cita\/\">\n\t\t\t\t\t\t<span class=\"elementor-button-content-wrapper\">\n\t\t\t\t\t\t\t\t\t<span class=\"elementor-button-text\">Pedir cita<\/span>\n\t\t\t\t\t<\/span>\n\t\t\t\t\t<\/a>\n\t\t\t\t\t\t\t\t<\/div>\n\t\t\t\t<\/div>\n\t\t\t\t\t<\/div>\n\t\t\t\t<\/div>\n\t\t<div class=\"elementor-element elementor-element-cb52ee6 e-flex e-con-boxed e-con e-parent\" data-id=\"cb52ee6\" data-element_type=\"container\" data-e-type=\"container\">\n\t\t\t\t\t<div class=\"e-con-inner\">\n\t\t\t\t<div class=\"elementor-element elementor-element-de809db elementor-widget elementor-widget-heading\" data-id=\"de809db\" data-element_type=\"widget\" data-e-type=\"widget\" data-widget_type=\"heading.default\">\n\t\t\t\t\t<h2 class=\"elementor-heading-title elementor-size-default\">Aqui estamos para asistirlo<\/h2>\t\t\t\t<\/div>\n\t\t\t\t<div class=\"elementor-element elementor-element-e8fd03f elementor-widget__width-initial elementor-widget elementor-widget-heading\" data-id=\"e8fd03f\" data-element_type=\"widget\" data-e-type=\"widget\" data-widget_type=\"heading.default\">\n\t\t\t\t\t<p class=\"elementor-heading-title elementor-size-default\">\u00bfTienes alguna pregunta general sobre nuestras cl\u00ednicas, servicios o filosof\u00eda de atenci\u00f3n? Env\u00edanos un mensaje aqu\u00ed. Para programar una cita, haz clic en el bot\u00f3n \u201csolicitar cita\u201d arriba.<\/p>\t\t\t\t<\/div>\n\t\t\t\t<div class=\"elementor-element elementor-element-ec4691b elementor-widget elementor-widget-html\" data-id=\"ec4691b\" data-element_type=\"widget\" data-e-type=\"widget\" data-widget_type=\"html.default\">\n\t\t\t\t\t<script type=\"text\/javascript\" src=\"https:\/\/form.jotform.com\/jsform\/253414086207049\"><\/script>\t\t\t\t<\/div>\n\t\t\t\t\t<\/div>\n\t\t\t\t<\/div>\n\t\t\t\t<\/div>\n\t\t","protected":false},"excerpt":{"rendered":"<p>Contacta con nosotras \u00bfEst\u00e1s buscando informaci\u00f3n sobre horarios? Pedir cita Aqui estamos para asistirlo \u00bfTienes alguna pregunta general sobre nuestras cl\u00ednicas, servicios o filosof\u00eda de atenci\u00f3n? Env\u00edanos un mensaje aqu\u00ed. Para programar una cita, haz clic en el bot\u00f3n \u201csolicitar cita\u201d arriba.<\/p>\n","protected":false},"author":2,"featured_media":0,"parent":0,"menu_order":0,"comment_status":"closed","ping_status":"closed","template":"","meta":{"_genesis_block_theme_hide_title":false,"footnotes":""},"class_list":["post-665","page","type-page","status-publish","hentry","post","without-featured-image"],"yoast_head":"<!-- This site is optimized with the Yoast SEO plugin v27.2 - https:\/\/yoast.com\/product\/yoast-seo-wordpress\/ -->\n<title>Contacta con nosotras - Current Clinic<\/title>\n<meta name=\"robots\" content=\"index, follow, max-snippet:-1, max-image-preview:large, max-video-preview:-1\" \/>\n<link rel=\"canonical\" href=\"https:\/\/currentclinic.com\/es\/contacta-con-nosotras\/\" \/>\n<meta property=\"og:locale\" content=\"es_ES\" \/>\n<meta property=\"og:type\" content=\"article\" \/>\n<meta property=\"og:title\" content=\"Contacta con nosotras - Current Clinic\" \/>\n<meta property=\"og:description\" content=\"Contacta con nosotras \u00bfEst\u00e1s buscando informaci\u00f3n sobre horarios? Pedir cita Aqui estamos para asistirlo \u00bfTienes alguna pregunta general sobre nuestras cl\u00ednicas, servicios o filosof\u00eda de atenci\u00f3n? Env\u00edanos un mensaje aqu\u00ed. Para programar una cita, haz clic en el bot\u00f3n \u201csolicitar cita\u201d arriba.\" \/>\n<meta property=\"og:url\" content=\"https:\/\/currentclinic.com\/es\/contacta-con-nosotras\/\" \/>\n<meta property=\"og:site_name\" content=\"Current Clinic\" \/>\n<meta property=\"article:modified_time\" content=\"2026-01-09T11:49:05+00:00\" \/>\n<meta name=\"twitter:card\" content=\"summary_large_image\" \/>\n<meta name=\"twitter:label1\" content=\"Tiempo de lectura\" \/>\n\t<meta name=\"twitter:data1\" content=\"1 minuto\" \/>\n<script type=\"application\/ld+json\" class=\"yoast-schema-graph\">{\"@context\":\"https:\/\/schema.org\",\"@graph\":[{\"@type\":\"WebPage\",\"@id\":\"https:\/\/currentclinic.com\/es\/contacta-con-nosotras\/\",\"url\":\"https:\/\/currentclinic.com\/es\/contacta-con-nosotras\/\",\"name\":\"Contacta con nosotras - Current Clinic\",\"isPartOf\":{\"@id\":\"https:\/\/currentclinic.com\/es\/#website\"},\"datePublished\":\"2025-12-24T20:27:32+00:00\",\"dateModified\":\"2026-01-09T11:49:05+00:00\",\"breadcrumb\":{\"@id\":\"https:\/\/currentclinic.com\/es\/contacta-con-nosotras\/#breadcrumb\"},\"inLanguage\":\"es\",\"potentialAction\":[{\"@type\":\"ReadAction\",\"target\":[\"https:\/\/currentclinic.com\/es\/contacta-con-nosotras\/\"]}]},{\"@type\":\"BreadcrumbList\",\"@id\":\"https:\/\/currentclinic.com\/es\/contacta-con-nosotras\/#breadcrumb\",\"itemListElement\":[{\"@type\":\"ListItem\",\"position\":1,\"name\":\"Home\",\"item\":\"https:\/\/currentclinic.com\/es\/home\/\"},{\"@type\":\"ListItem\",\"position\":2,\"name\":\"Contacta con nosotras\"}]},{\"@type\":\"WebSite\",\"@id\":\"https:\/\/currentclinic.com\/es\/#website\",\"url\":\"https:\/\/currentclinic.com\/es\/\",\"name\":\"Current Clinic\",\"description\":\"\",\"publisher\":{\"@id\":\"https:\/\/currentclinic.com\/es\/#organization\"},\"potentialAction\":[{\"@type\":\"SearchAction\",\"target\":{\"@type\":\"EntryPoint\",\"urlTemplate\":\"https:\/\/currentclinic.com\/es\/?s={search_term_string}\"},\"query-input\":{\"@type\":\"PropertyValueSpecification\",\"valueRequired\":true,\"valueName\":\"search_term_string\"}}],\"inLanguage\":\"es\"},{\"@type\":\"Organization\",\"@id\":\"https:\/\/currentclinic.com\/es\/#organization\",\"name\":\"Current Clinic\",\"url\":\"https:\/\/currentclinic.com\/es\/\",\"logo\":{\"@type\":\"ImageObject\",\"inLanguage\":\"es\",\"@id\":\"https:\/\/currentclinic.com\/es\/#\/schema\/logo\/image\/\",\"url\":\"https:\/\/currentclinic.com\/wp-content\/uploads\/2025\/08\/cc-gradient-red.svg\",\"contentUrl\":\"https:\/\/currentclinic.com\/wp-content\/uploads\/2025\/08\/cc-gradient-red.svg\",\"width\":300,\"height\":55,\"caption\":\"Current Clinic\"},\"image\":{\"@id\":\"https:\/\/currentclinic.com\/es\/#\/schema\/logo\/image\/\"}}]}<\/script>\n<!-- \/ Yoast SEO plugin. -->","yoast_head_json":{"title":"Contacta con nosotras - Current Clinic","robots":{"index":"index","follow":"follow","max-snippet":"max-snippet:-1","max-image-preview":"max-image-preview:large","max-video-preview":"max-video-preview:-1"},"canonical":"https:\/\/currentclinic.com\/es\/contacta-con-nosotras\/","og_locale":"es_ES","og_type":"article","og_title":"Contacta con nosotras - Current Clinic","og_description":"Contacta con nosotras \u00bfEst\u00e1s buscando informaci\u00f3n sobre horarios? Pedir cita Aqui estamos para asistirlo \u00bfTienes alguna pregunta general sobre nuestras cl\u00ednicas, servicios o filosof\u00eda de atenci\u00f3n? Env\u00edanos un mensaje aqu\u00ed. Para programar una cita, haz clic en el bot\u00f3n \u201csolicitar cita\u201d arriba.","og_url":"https:\/\/currentclinic.com\/es\/contacta-con-nosotras\/","og_site_name":"Current Clinic","article_modified_time":"2026-01-09T11:49:05+00:00","twitter_card":"summary_large_image","twitter_misc":{"Tiempo de lectura":"1 minuto"},"schema":{"@context":"https:\/\/schema.org","@graph":[{"@type":"WebPage","@id":"https:\/\/currentclinic.com\/es\/contacta-con-nosotras\/","url":"https:\/\/currentclinic.com\/es\/contacta-con-nosotras\/","name":"Contacta con nosotras - Current Clinic","isPartOf":{"@id":"https:\/\/currentclinic.com\/es\/#website"},"datePublished":"2025-12-24T20:27:32+00:00","dateModified":"2026-01-09T11:49:05+00:00","breadcrumb":{"@id":"https:\/\/currentclinic.com\/es\/contacta-con-nosotras\/#breadcrumb"},"inLanguage":"es","potentialAction":[{"@type":"ReadAction","target":["https:\/\/currentclinic.com\/es\/contacta-con-nosotras\/"]}]},{"@type":"BreadcrumbList","@id":"https:\/\/currentclinic.com\/es\/contacta-con-nosotras\/#breadcrumb","itemListElement":[{"@type":"ListItem","position":1,"name":"Home","item":"https:\/\/currentclinic.com\/es\/home\/"},{"@type":"ListItem","position":2,"name":"Contacta con nosotras"}]},{"@type":"WebSite","@id":"https:\/\/currentclinic.com\/es\/#website","url":"https:\/\/currentclinic.com\/es\/","name":"Current Clinic","description":"","publisher":{"@id":"https:\/\/currentclinic.com\/es\/#organization"},"potentialAction":[{"@type":"SearchAction","target":{"@type":"EntryPoint","urlTemplate":"https:\/\/currentclinic.com\/es\/?s={search_term_string}"},"query-input":{"@type":"PropertyValueSpecification","valueRequired":true,"valueName":"search_term_string"}}],"inLanguage":"es"},{"@type":"Organization","@id":"https:\/\/currentclinic.com\/es\/#organization","name":"Current Clinic","url":"https:\/\/currentclinic.com\/es\/","logo":{"@type":"ImageObject","inLanguage":"es","@id":"https:\/\/currentclinic.com\/es\/#\/schema\/logo\/image\/","url":"https:\/\/currentclinic.com\/wp-content\/uploads\/2025\/08\/cc-gradient-red.svg","contentUrl":"https:\/\/currentclinic.com\/wp-content\/uploads\/2025\/08\/cc-gradient-red.svg","width":300,"height":55,"caption":"Current Clinic"},"image":{"@id":"https:\/\/currentclinic.com\/es\/#\/schema\/logo\/image\/"}}]}},"_links":{"self":[{"href":"https:\/\/currentclinic.com\/es\/wp-json\/wp\/v2\/pages\/665","targetHints":{"allow":["GET"]}}],"collection":[{"href":"https:\/\/currentclinic.com\/es\/wp-json\/wp\/v2\/pages"}],"about":[{"href":"https:\/\/currentclinic.com\/es\/wp-json\/wp\/v2\/types\/page"}],"author":[{"embeddable":true,"href":"https:\/\/currentclinic.com\/es\/wp-json\/wp\/v2\/users\/2"}],"replies":[{"embeddable":true,"href":"https:\/\/currentclinic.com\/es\/wp-json\/wp\/v2\/comments?post=665"}],"version-history":[{"count":0,"href":"https:\/\/currentclinic.com\/es\/wp-json\/wp\/v2\/pages\/665\/revisions"}],"wp:attachment":[{"href":"https:\/\/currentclinic.com\/es\/wp-json\/wp\/v2\/media?parent=665"}],"curies":[{"name":"wp","href":"https:\/\/api.w.org\/{rel}","templated":true}]}}