{"id":1435,"date":"2026-04-22T18:16:52","date_gmt":"2026-04-22T18:16:52","guid":{"rendered":"https:\/\/currentclindev.wpenginepowered.com\/portal-del-paciente\/"},"modified":"2026-04-27T13:39:52","modified_gmt":"2026-04-27T13:39:52","slug":"portal-del-paciente","status":"publish","type":"page","link":"https:\/\/currentclinic.com\/es\/portal-del-paciente\/","title":{"rendered":"Patient Portal 26"},"content":{"rendered":"\t\t<div data-elementor-type=\"wp-page\" data-elementor-id=\"1435\" class=\"elementor elementor-1435 elementor-1429\" data-elementor-post-type=\"page\">\n\t\t\t\t<div class=\"elementor-element elementor-element-f00f7a3 e-flex e-con-boxed e-con e-parent\" data-id=\"f00f7a3\" data-element_type=\"container\" data-e-type=\"container\">\n\t\t\t\t\t<div class=\"e-con-inner\">\n\t\t\t\t<div class=\"elementor-element elementor-element-c1016d0 elementor-widget elementor-widget-heading\" data-id=\"c1016d0\" data-element_type=\"widget\" data-e-type=\"widget\" data-widget_type=\"heading.default\">\n\t\t\t\t\t<h2 class=\"elementor-heading-title elementor-size-default\">Gestione su atenci\u00f3n m\u00e9dica<\/h2>\t\t\t\t<\/div>\n\t\t\t\t<div class=\"elementor-element elementor-element-9db3e28 elementor-widget__width-initial elementor-widget elementor-widget-heading\" data-id=\"9db3e28\" data-element_type=\"widget\" data-e-type=\"widget\" data-widget_type=\"heading.default\">\n\t\t\t\t\t<p class=\"elementor-heading-title elementor-size-default\">Encuentre su cl\u00ednica a continuaci\u00f3n y haga clic en los botones para acceder al portal del paciente o pagar su factura.<\/p>\t\t\t\t<\/div>\n\t\t\t\t<div class=\"elementor-element elementor-element-123947b elementor-widget elementor-widget-plsm_locations_grid\" data-id=\"123947b\" data-element_type=\"widget\" data-e-type=\"widget\" data-widget_type=\"plsm_locations_grid.default\">\n\t\t\t\t<div class=\"elementor-widget-container\">\n\t\t\t\t\t<div class=\"plsm-locations-grid\">\n\n\t\n\t\t\t\t\t\t\t\t<div class=\"plsm-location-card\">\n\n\t\t\t\t<!-- Location Image: featured image \u2192 ACF image \u2192 nothing -->\n\t\t\t\t<div class=\"plsm-location-card__image\">\n\t\t\t\t\t\t\t\t\t\t\t<a href=\"https:\/\/currentclinic.com\/es\/location\/current-clinic-carlsbad\/\">\n\t\t\t\t\t\t\t<img loading=\"lazy\" decoding=\"async\" width=\"764\" height=\"434\" src=\"https:\/\/currentclinic.com\/wp-content\/uploads\/2026\/04\/Location-Portal-Carlsbad.jpg\" class=\"attachment-large size-large\" alt=\"Current Clinic Carlsbad\" loading=\"lazy\" srcset=\"https:\/\/currentclinic.com\/wp-content\/uploads\/2026\/04\/Location-Portal-Carlsbad.jpg 764w, https:\/\/currentclinic.com\/wp-content\/uploads\/2026\/04\/Location-Portal-Carlsbad-300x170.jpg 300w\" sizes=\"auto, (max-width: 764px) 100vw, 764px\" \/>\t\t\t\t\t\t<\/a>\n\t\t\t\t\t\t\t\t\t<\/div>\n\n\t\t\t\t<!-- Location Info -->\n\t\t\t\t<div class=\"plsm-location-card__body\">\n\t\t\t\t\t<h3 class=\"plsm-location-card__name\">\n\t\t\t\t\t\t<a href=\"https:\/\/currentclinic.com\/es\/location\/current-clinic-carlsbad\/\">Current Clinic Carlsbad<\/a>\n\t\t\t\t\t<\/h3>\n\n\t\t\t\t\t<address class=\"plsm-location-card__address\">\n\t\t\t\t\t\t\t\t\t\t\t\t\t1619 Skyline Circle<br>\n\t\t\t\t\t\t\t\t\t\t\t\t\t\t\t\t\t\t\tSuite A<br>\n\t\t\t\t\t\t\t\t\t\t\t\t\t\t\t\t\t\t\tCarlsbad, NM 88220\t\t\t\t\t\t\t\t\t\t\t<\/address>\n\n\t\t\t\t\t<!-- Buttons -->\n\t\t\t\t\t<div class=\"plsm-location-card__actions\">\n\t\t\t\t\t\t<a\n\t\t\t\t\t\t\thref=\"https:\/\/25805.portal.athenahealth.com\/\"\n\t\t\t\t\t\t\tclass=\"plsm-btn plsm-btn--solid\"\n\t\t\t\t\t\t\ttarget=\"_blank\" rel=\"noopener noreferrer\"\t\t\t\t\t\t>\n\t\t\t\t\t\t\tPortal del paciente\t\t\t\t\t\t<\/a>\n\n\t\t\t\t\t\t\t\t\t\t\t\t\t<a\n\t\t\t\t\t\t\t\thref=\"https:\/\/25805.portal.athenahealth.com\/\"\n\t\t\t\t\t\t\t\tclass=\"plsm-btn plsm-btn--outline\"\n\t\t\t\t\t\t\t\ttarget=\"_blank\"\n\t\t\t\t\t\t\t\trel=\"noopener noreferrer\"\n\t\t\t\t\t\t\t>\n\t\t\t\t\t\t\t\tPago de facturas\t\t\t\t\t\t\t<\/a>\n\t\t\t\t\t\t\t\t\t\t\t<\/div>\n\n\t\t\t\t<\/div><!-- .plsm-location-card__body -->\n\n\t\t\t<\/div><!-- .plsm-location-card -->\n\n\t\t\t\t\t\t\t\t<div class=\"plsm-location-card\">\n\n\t\t\t\t<!-- Location Image: featured image \u2192 ACF image \u2192 nothing -->\n\t\t\t\t<div class=\"plsm-location-card__image\">\n\t\t\t\t\t\t\t\t\t\t\t<a href=\"https:\/\/currentclinic.com\/es\/location\/current-clinic-artesia\/\">\n\t\t\t\t\t\t\t<img loading=\"lazy\" decoding=\"async\" width=\"764\" height=\"434\" src=\"https:\/\/currentclinic.com\/wp-content\/uploads\/2026\/04\/Location-Image-Placeholder.jpg\" class=\"attachment-large size-large\" alt=\"Current Clinic Artesia\" loading=\"lazy\" srcset=\"https:\/\/currentclinic.com\/wp-content\/uploads\/2026\/04\/Location-Image-Placeholder.jpg 764w, https:\/\/currentclinic.com\/wp-content\/uploads\/2026\/04\/Location-Image-Placeholder-300x170.jpg 300w\" sizes=\"auto, (max-width: 764px) 100vw, 764px\" \/>\t\t\t\t\t\t<\/a>\n\t\t\t\t\t\t\t\t\t<\/div>\n\n\t\t\t\t<!-- Location Info -->\n\t\t\t\t<div class=\"plsm-location-card__body\">\n\t\t\t\t\t<h3 class=\"plsm-location-card__name\">\n\t\t\t\t\t\t<a href=\"https:\/\/currentclinic.com\/es\/location\/current-clinic-artesia\/\">Current Clinic Artesia<\/a>\n\t\t\t\t\t<\/h3>\n\n\t\t\t\t\t<address class=\"plsm-location-card__address\">\n\t\t\t\t\t\t\t\t\t\t\t\t\t612 N Calle 13<br>\n\t\t\t\t\t\t\t\t\t\t\t\t\t\t\t\t\t\t\tSuite D<br>\n\t\t\t\t\t\t\t\t\t\t\t\t\t\t\t\t\t\t\tArtesia, NM 88210\t\t\t\t\t\t\t\t\t\t\t<\/address>\n\n\t\t\t\t\t<!-- Buttons -->\n\t\t\t\t\t<div class=\"plsm-location-card__actions\">\n\t\t\t\t\t\t<a\n\t\t\t\t\t\t\thref=\"https:\/\/25805.portal.athenahealth.com\/\"\n\t\t\t\t\t\t\tclass=\"plsm-btn plsm-btn--solid\"\n\t\t\t\t\t\t\ttarget=\"_blank\" rel=\"noopener noreferrer\"\t\t\t\t\t\t>\n\t\t\t\t\t\t\tPortal del paciente\t\t\t\t\t\t<\/a>\n\n\t\t\t\t\t\t\t\t\t\t\t\t\t<a\n\t\t\t\t\t\t\t\thref=\"https:\/\/25805.portal.athenahealth.com\/\"\n\t\t\t\t\t\t\t\tclass=\"plsm-btn plsm-btn--outline\"\n\t\t\t\t\t\t\t\ttarget=\"_blank\"\n\t\t\t\t\t\t\t\trel=\"noopener noreferrer\"\n\t\t\t\t\t\t\t>\n\t\t\t\t\t\t\t\tPago de facturas\t\t\t\t\t\t\t<\/a>\n\t\t\t\t\t\t\t\t\t\t\t<\/div>\n\n\t\t\t\t<\/div><!-- .plsm-location-card__body -->\n\n\t\t\t<\/div><!-- .plsm-location-card -->\n\n\t\t\t\t\t\t\t\t<div class=\"plsm-location-card\">\n\n\t\t\t\t<!-- Location Image: featured image \u2192 ACF image \u2192 nothing -->\n\t\t\t\t<div class=\"plsm-location-card__image\">\n\t\t\t\t\t\t\t\t\t\t\t<a href=\"https:\/\/currentclinic.com\/es\/location\/current-clinic-hobbs\/\">\n\t\t\t\t\t\t\t<img loading=\"lazy\" decoding=\"async\" width=\"764\" height=\"434\" src=\"https:\/\/currentclinic.com\/wp-content\/uploads\/2026\/04\/Location-Image-Placeholder.jpg\" class=\"attachment-large size-large\" alt=\"Current Clinic Hobbs\" loading=\"lazy\" srcset=\"https:\/\/currentclinic.com\/wp-content\/uploads\/2026\/04\/Location-Image-Placeholder.jpg 764w, https:\/\/currentclinic.com\/wp-content\/uploads\/2026\/04\/Location-Image-Placeholder-300x170.jpg 300w\" sizes=\"auto, (max-width: 764px) 100vw, 764px\" \/>\t\t\t\t\t\t<\/a>\n\t\t\t\t\t\t\t\t\t<\/div>\n\n\t\t\t\t<!-- Location Info -->\n\t\t\t\t<div class=\"plsm-location-card__body\">\n\t\t\t\t\t<h3 class=\"plsm-location-card__name\">\n\t\t\t\t\t\t<a href=\"https:\/\/currentclinic.com\/es\/location\/current-clinic-hobbs\/\">Current Clinic Hobbs<\/a>\n\t\t\t\t\t<\/h3>\n\n\t\t\t\t\t<address class=\"plsm-location-card__address\">\n\t\t\t\t\t\t\t\t\t\t\t\t\t5419 North Lovington Hwy<br>\n\t\t\t\t\t\t\t\t\t\t\t\t\t\t\t\t\t\t\tEdificio n\u00ba 4, Suite 21<br>\n\t\t\t\t\t\t\t\t\t\t\t\t\t\t\t\t\t\t\tHobbs, NM 88240\t\t\t\t\t\t\t\t\t\t\t<\/address>\n\n\t\t\t\t\t<!-- Buttons -->\n\t\t\t\t\t<div class=\"plsm-location-card__actions\">\n\t\t\t\t\t\t<a\n\t\t\t\t\t\t\thref=\"https:\/\/25805.portal.athenahealth.com\/\"\n\t\t\t\t\t\t\tclass=\"plsm-btn plsm-btn--solid\"\n\t\t\t\t\t\t\ttarget=\"_blank\" rel=\"noopener noreferrer\"\t\t\t\t\t\t>\n\t\t\t\t\t\t\tPortal del paciente\t\t\t\t\t\t<\/a>\n\n\t\t\t\t\t\t\t\t\t\t\t\t\t<a\n\t\t\t\t\t\t\t\thref=\"https:\/\/25805.portal.athenahealth.com\/\"\n\t\t\t\t\t\t\t\tclass=\"plsm-btn plsm-btn--outline\"\n\t\t\t\t\t\t\t\ttarget=\"_blank\"\n\t\t\t\t\t\t\t\trel=\"noopener noreferrer\"\n\t\t\t\t\t\t\t>\n\t\t\t\t\t\t\t\tPago de facturas\t\t\t\t\t\t\t<\/a>\n\t\t\t\t\t\t\t\t\t\t\t<\/div>\n\n\t\t\t\t<\/div><!-- .plsm-location-card__body -->\n\n\t\t\t<\/div><!-- .plsm-location-card -->\n\n\t\t\n\t\n<\/div><!-- .plsm-locations-grid -->\n\t\t\t\t<\/div>\n\t\t\t\t<\/div>\n\t\t\t\t\t<\/div>\n\t\t\t\t<\/div>\n\t\t\t\t<\/div>\n\t\t","protected":false},"excerpt":{"rendered":"<p>Gestione su atenci\u00f3n m\u00e9dica Encuentre su cl\u00ednica a continuaci\u00f3n y haga clic en los botones para acceder al portal del paciente o pagar su factura. Current Clinic Carlsbad 1619 Skyline Circle Suite A Carlsbad, NM 88220 Portal del paciente Pago de facturas Current Clinic Artesia 612 N 13th Street Suite D Artesia, NM 88210 Portal &hellip;<\/p>\n","protected":false},"author":2,"featured_media":0,"parent":0,"menu_order":0,"comment_status":"closed","ping_status":"closed","template":"","meta":{"_genesis_block_theme_hide_title":false,"footnotes":""},"class_list":["post-1435","page","type-page","status-publish","hentry","post","with-featured-image"],"acf":[],"yoast_head":"<!-- This site is optimized with the Yoast SEO plugin v27.5 - https:\/\/yoast.com\/product\/yoast-seo-wordpress\/ -->\n<title>Patient Portal 26 - Current Clinic Development<\/title>\n<meta name=\"robots\" content=\"index, follow, max-snippet:-1, max-image-preview:large, max-video-preview:-1\" \/>\n<link rel=\"canonical\" href=\"https:\/\/currentclinic.com\/es\/portal-del-paciente\/\" \/>\n<meta property=\"og:locale\" content=\"es_ES\" \/>\n<meta property=\"og:type\" content=\"article\" \/>\n<meta property=\"og:title\" content=\"Patient Portal 26 - Current Clinic Development\" \/>\n<meta property=\"og:description\" content=\"Gestione su atenci\u00f3n m\u00e9dica Encuentre su cl\u00ednica a continuaci\u00f3n y haga clic en los botones para acceder al portal del paciente o pagar su factura. Current Clinic Carlsbad 1619 Skyline Circle Suite A Carlsbad, NM 88220 Portal del paciente Pago de facturas Current Clinic Artesia 612 N 13th Street Suite D Artesia, NM 88210 Portal &hellip;\" \/>\n<meta property=\"og:url\" content=\"https:\/\/currentclinic.com\/es\/portal-del-paciente\/\" \/>\n<meta property=\"og:site_name\" content=\"Current Clinic Development\" \/>\n<meta property=\"article:modified_time\" content=\"2026-04-27T13:39:52+00:00\" \/>\n<meta property=\"og:image\" content=\"https:\/\/currentclinic.com\/wp-content\/uploads\/2026\/04\/Location-Portal-Carlsbad.jpg\" \/>\n<meta name=\"twitter:card\" content=\"summary_large_image\" \/>\n<script type=\"application\/ld+json\" class=\"yoast-schema-graph\">{\"@context\":\"https:\\\/\\\/schema.org\",\"@graph\":[{\"@type\":\"WebPage\",\"@id\":\"https:\\\/\\\/currentclinic.com\\\/es\\\/portal-del-paciente\\\/\",\"url\":\"https:\\\/\\\/currentclinic.com\\\/es\\\/portal-del-paciente\\\/\",\"name\":\"Patient Portal 26 - Current Clinic Development\",\"isPartOf\":{\"@id\":\"https:\\\/\\\/currentclinic.com\\\/es\\\/#website\"},\"primaryImageOfPage\":{\"@id\":\"https:\\\/\\\/currentclinic.com\\\/es\\\/portal-del-paciente\\\/#primaryimage\"},\"image\":{\"@id\":\"https:\\\/\\\/currentclinic.com\\\/es\\\/portal-del-paciente\\\/#primaryimage\"},\"thumbnailUrl\":\"https:\\\/\\\/currentclinic.com\\\/wp-content\\\/uploads\\\/2026\\\/04\\\/Location-Portal-Carlsbad.jpg\",\"datePublished\":\"2026-04-22T18:16:52+00:00\",\"dateModified\":\"2026-04-27T13:39:52+00:00\",\"breadcrumb\":{\"@id\":\"https:\\\/\\\/currentclinic.com\\\/es\\\/portal-del-paciente\\\/#breadcrumb\"},\"inLanguage\":\"es\",\"potentialAction\":[{\"@type\":\"ReadAction\",\"target\":[\"https:\\\/\\\/currentclinic.com\\\/es\\\/portal-del-paciente\\\/\"]}]},{\"@type\":\"ImageObject\",\"inLanguage\":\"es\",\"@id\":\"https:\\\/\\\/currentclinic.com\\\/es\\\/portal-del-paciente\\\/#primaryimage\",\"url\":\"https:\\\/\\\/currentclinic.com\\\/wp-content\\\/uploads\\\/2026\\\/04\\\/Location-Portal-Carlsbad.jpg\",\"contentUrl\":\"https:\\\/\\\/currentclinic.com\\\/wp-content\\\/uploads\\\/2026\\\/04\\\/Location-Portal-Carlsbad.jpg\"},{\"@type\":\"BreadcrumbList\",\"@id\":\"https:\\\/\\\/currentclinic.com\\\/es\\\/portal-del-paciente\\\/#breadcrumb\",\"itemListElement\":[{\"@type\":\"ListItem\",\"position\":1,\"name\":\"Home\",\"item\":\"https:\\\/\\\/currentclinic.com\\\/es\\\/homepage-26\\\/\"},{\"@type\":\"ListItem\",\"position\":2,\"name\":\"Patient Portal 26\"}]},{\"@type\":\"WebSite\",\"@id\":\"https:\\\/\\\/currentclinic.com\\\/es\\\/#website\",\"url\":\"https:\\\/\\\/currentclinic.com\\\/es\\\/\",\"name\":\"Current Clinic Development\",\"description\":\"\",\"publisher\":{\"@id\":\"https:\\\/\\\/currentclinic.com\\\/es\\\/#organization\"},\"potentialAction\":[{\"@type\":\"SearchAction\",\"target\":{\"@type\":\"EntryPoint\",\"urlTemplate\":\"https:\\\/\\\/currentclinic.com\\\/es\\\/?s={search_term_string}\"},\"query-input\":{\"@type\":\"PropertyValueSpecification\",\"valueRequired\":true,\"valueName\":\"search_term_string\"}}],\"inLanguage\":\"es\"},{\"@type\":\"Organization\",\"@id\":\"https:\\\/\\\/currentclinic.com\\\/es\\\/#organization\",\"name\":\"Current Clinic Development\",\"url\":\"https:\\\/\\\/currentclinic.com\\\/es\\\/\",\"logo\":{\"@type\":\"ImageObject\",\"inLanguage\":\"es\",\"@id\":\"https:\\\/\\\/currentclinic.com\\\/es\\\/#\\\/schema\\\/logo\\\/image\\\/\",\"url\":\"https:\\\/\\\/currentclinic.com\\\/wp-content\\\/uploads\\\/2025\\\/08\\\/cc-gradient-red.svg\",\"contentUrl\":\"https:\\\/\\\/currentclinic.com\\\/wp-content\\\/uploads\\\/2025\\\/08\\\/cc-gradient-red.svg\",\"width\":300,\"height\":55,\"caption\":\"Current Clinic Development\"},\"image\":{\"@id\":\"https:\\\/\\\/currentclinic.com\\\/es\\\/#\\\/schema\\\/logo\\\/image\\\/\"}}]}<\/script>\n<!-- \/ Yoast SEO plugin. -->","yoast_head_json":{"title":"Patient Portal 26 - Current Clinic Development","robots":{"index":"index","follow":"follow","max-snippet":"max-snippet:-1","max-image-preview":"max-image-preview:large","max-video-preview":"max-video-preview:-1"},"canonical":"https:\/\/currentclinic.com\/es\/portal-del-paciente\/","og_locale":"es_ES","og_type":"article","og_title":"Patient Portal 26 - Current Clinic Development","og_description":"Gestione su atenci\u00f3n m\u00e9dica Encuentre su cl\u00ednica a continuaci\u00f3n y haga clic en los botones para acceder al portal del paciente o pagar su factura. Current Clinic Carlsbad 1619 Skyline Circle Suite A Carlsbad, NM 88220 Portal del paciente Pago de facturas Current Clinic Artesia 612 N 13th Street Suite D Artesia, NM 88210 Portal &hellip;","og_url":"https:\/\/currentclinic.com\/es\/portal-del-paciente\/","og_site_name":"Current Clinic Development","article_modified_time":"2026-04-27T13:39:52+00:00","og_image":[{"url":"https:\/\/currentclinic.com\/wp-content\/uploads\/2026\/04\/Location-Portal-Carlsbad.jpg","type":"","width":"","height":""}],"twitter_card":"summary_large_image","schema":{"@context":"https:\/\/schema.org","@graph":[{"@type":"WebPage","@id":"https:\/\/currentclinic.com\/es\/portal-del-paciente\/","url":"https:\/\/currentclinic.com\/es\/portal-del-paciente\/","name":"Patient Portal 26 - Current Clinic Development","isPartOf":{"@id":"https:\/\/currentclinic.com\/es\/#website"},"primaryImageOfPage":{"@id":"https:\/\/currentclinic.com\/es\/portal-del-paciente\/#primaryimage"},"image":{"@id":"https:\/\/currentclinic.com\/es\/portal-del-paciente\/#primaryimage"},"thumbnailUrl":"https:\/\/currentclinic.com\/wp-content\/uploads\/2026\/04\/Location-Portal-Carlsbad.jpg","datePublished":"2026-04-22T18:16:52+00:00","dateModified":"2026-04-27T13:39:52+00:00","breadcrumb":{"@id":"https:\/\/currentclinic.com\/es\/portal-del-paciente\/#breadcrumb"},"inLanguage":"es","potentialAction":[{"@type":"ReadAction","target":["https:\/\/currentclinic.com\/es\/portal-del-paciente\/"]}]},{"@type":"ImageObject","inLanguage":"es","@id":"https:\/\/currentclinic.com\/es\/portal-del-paciente\/#primaryimage","url":"https:\/\/currentclinic.com\/wp-content\/uploads\/2026\/04\/Location-Portal-Carlsbad.jpg","contentUrl":"https:\/\/currentclinic.com\/wp-content\/uploads\/2026\/04\/Location-Portal-Carlsbad.jpg"},{"@type":"BreadcrumbList","@id":"https:\/\/currentclinic.com\/es\/portal-del-paciente\/#breadcrumb","itemListElement":[{"@type":"ListItem","position":1,"name":"Home","item":"https:\/\/currentclinic.com\/es\/homepage-26\/"},{"@type":"ListItem","position":2,"name":"Patient Portal 26"}]},{"@type":"WebSite","@id":"https:\/\/currentclinic.com\/es\/#website","url":"https:\/\/currentclinic.com\/es\/","name":"Current Clinic Development","description":"","publisher":{"@id":"https:\/\/currentclinic.com\/es\/#organization"},"potentialAction":[{"@type":"SearchAction","target":{"@type":"EntryPoint","urlTemplate":"https:\/\/currentclinic.com\/es\/?s={search_term_string}"},"query-input":{"@type":"PropertyValueSpecification","valueRequired":true,"valueName":"search_term_string"}}],"inLanguage":"es"},{"@type":"Organization","@id":"https:\/\/currentclinic.com\/es\/#organization","name":"Current Clinic Development","url":"https:\/\/currentclinic.com\/es\/","logo":{"@type":"ImageObject","inLanguage":"es","@id":"https:\/\/currentclinic.com\/es\/#\/schema\/logo\/image\/","url":"https:\/\/currentclinic.com\/wp-content\/uploads\/2025\/08\/cc-gradient-red.svg","contentUrl":"https:\/\/currentclinic.com\/wp-content\/uploads\/2025\/08\/cc-gradient-red.svg","width":300,"height":55,"caption":"Current Clinic Development"},"image":{"@id":"https:\/\/currentclinic.com\/es\/#\/schema\/logo\/image\/"}}]}},"_links":{"self":[{"href":"https:\/\/currentclinic.com\/es\/wp-json\/wp\/v2\/pages\/1435","targetHints":{"allow":["GET"]}}],"collection":[{"href":"https:\/\/currentclinic.com\/es\/wp-json\/wp\/v2\/pages"}],"about":[{"href":"https:\/\/currentclinic.com\/es\/wp-json\/wp\/v2\/types\/page"}],"author":[{"embeddable":true,"href":"https:\/\/currentclinic.com\/es\/wp-json\/wp\/v2\/users\/2"}],"replies":[{"embeddable":true,"href":"https:\/\/currentclinic.com\/es\/wp-json\/wp\/v2\/comments?post=1435"}],"version-history":[{"count":0,"href":"https:\/\/currentclinic.com\/es\/wp-json\/wp\/v2\/pages\/1435\/revisions"}],"wp:attachment":[{"href":"https:\/\/currentclinic.com\/es\/wp-json\/wp\/v2\/media?parent=1435"}],"curies":[{"name":"wp","href":"https:\/\/api.w.org\/{rel}","templated":true}]}}